{"id":15710,"date":"2023-10-19T13:12:49","date_gmt":"2023-10-19T13:12:49","guid":{"rendered":"https:\/\/ch.apcoa.com\/settori\/centri-urbani-e-commerciali\/"},"modified":"2025-11-25T13:56:50","modified_gmt":"2025-11-25T13:56:50","slug":"centri-urbani-e-commerciali","status":"publish","type":"page","link":"https:\/\/ch.apcoa.com\/it\/settori\/centri-urbani-e-commerciali\/","title":{"rendered":"Centri urbani e commerciali"},"content":{"rendered":"\t\t<div data-elementor-type=\"wp-page\" data-elementor-id=\"15710\" class=\"elementor elementor-15710 elementor-2184\" data-elementor-post-type=\"page\">\n\t\t\t\t<div class=\"elementor-element elementor-element-1893bba e-flex e-con-boxed e-con e-parent\" data-id=\"1893bba\" data-element_type=\"container\" data-settings=\"{&quot;background_background&quot;:&quot;classic&quot;}\">\n\t\t\t\t\t<div class=\"e-con-inner\">\n\t\t<div class=\"elementor-element elementor-element-628439a e-flex e-con-boxed e-con e-child\" data-id=\"628439a\" data-element_type=\"container\" data-settings=\"{&quot;background_background&quot;:&quot;gradient&quot;}\">\n\t\t\t\t\t<div class=\"e-con-inner\">\n\t\t\t\t<div class=\"elementor-element elementor-element-2e4322a elementor-widget-divider--view-line elementor-widget elementor-widget-divider\" data-id=\"2e4322a\" data-element_type=\"widget\" data-widget_type=\"divider.default\">\n\t\t\t\t<div class=\"elementor-widget-container\">\n\t\t\t\t\t\t\t<div class=\"elementor-divider\">\n\t\t\t<span class=\"elementor-divider-separator\">\n\t\t\t\t\t\t<\/span>\n\t\t<\/div>\n\t\t\t\t\t\t<\/div>\n\t\t\t\t<\/div>\n\t\t\t\t<div class=\"elementor-element elementor-element-e3c7f95 elementor-widget-mobile__width-inherit elementor-widget elementor-widget-heading\" data-id=\"e3c7f95\" data-element_type=\"widget\" data-widget_type=\"heading.default\">\n\t\t\t\t<div class=\"elementor-widget-container\">\n\t\t\t\t\t<h2 class=\"elementor-heading-title elementor-size-default\">Centri urbani e commerciali<\/h2>\t\t\t\t<\/div>\n\t\t\t\t<\/div>\n\t\t\t\t<div class=\"elementor-element elementor-element-982dd8a elementor-widget elementor-widget-heading\" data-id=\"982dd8a\" data-element_type=\"widget\" data-widget_type=\"heading.default\">\n\t\t\t\t<div class=\"elementor-widget-container\">\n\t\t\t\t\t<h2 class=\"elementor-heading-title elementor-size-default\">Arricchire l'esperienza dello shopping. <\/h2>\t\t\t\t<\/div>\n\t\t\t\t<\/div>\n\t\t\t\t\t<\/div>\n\t\t\t\t<\/div>\n\t\t\t\t\t<\/div>\n\t\t\t\t<\/div>\n\t\t<div class=\"elementor-element elementor-element-eecb9e5 breadcrumbNav e-flex e-con-boxed e-con e-parent\" data-id=\"eecb9e5\" data-element_type=\"container\">\n\t\t\t\t\t<div class=\"e-con-inner\">\n\t\t<div class=\"elementor-element elementor-element-7510512 e-flex e-con-boxed e-con e-child\" data-id=\"7510512\" data-element_type=\"container\">\n\t\t\t\t\t<div class=\"e-con-inner\">\n\t\t\t\t<div class=\"elementor-element elementor-element-94f0b61 elementor-view-default elementor-widget elementor-widget-icon\" data-id=\"94f0b61\" data-element_type=\"widget\" data-widget_type=\"icon.default\">\n\t\t\t\t<div class=\"elementor-widget-container\">\n\t\t\t\t\t\t\t<div class=\"elementor-icon-wrapper\">\n\t\t\t<a class=\"elementor-icon\" href=\"https:\/\/ch.apcoa.com\/it\/\">\n\t\t\t<svg xmlns=\"http:\/\/www.w3.org\/2000\/svg\" width=\"16.979\" height=\"17.177\" viewBox=\"0 0 16.979 17.177\"><g id=\"Icon_DGUV_haus\" data-name=\"Icon \/ DGUV \/ haus\" transform=\"translate(0.492 0.691)\"><path id=\"Subtraction_2\" data-name=\"Subtraction 2\" d=\"M16824.445,7603.972h-12.777v-7.335l-.232.237a.824.824,0,0,1-.57.232.8.8,0,0,1-.562-1.364l7.754-7.741,7.752,7.745a.792.792,0,0,1,.234.568.78.78,0,0,1-.234.56.8.8,0,0,1-1.131,0l-.232-.232v7.33Zm-7.99-6.385h3.2v4.789h3.193v-7.331l-4.793-4.789-4.793,4.789v7.331h3.191v-4.788Z\" transform=\"translate(-16810.057 -7587.986)\" fill=\"#001e46\" stroke=\"rgba(0,0,0,0)\" stroke-miterlimit=\"10\" stroke-width=\"1\"><\/path><\/g><\/svg>\t\t\t<\/a>\n\t\t<\/div>\n\t\t\t\t\t\t<\/div>\n\t\t\t\t<\/div>\n\t\t\t\t<div class=\"elementor-element elementor-element-8f090ed elementor-view-default elementor-widget elementor-widget-icon\" data-id=\"8f090ed\" data-element_type=\"widget\" data-widget_type=\"icon.default\">\n\t\t\t\t<div class=\"elementor-widget-container\">\n\t\t\t\t\t\t\t<div class=\"elementor-icon-wrapper\">\n\t\t\t<div class=\"elementor-icon\">\n\t\t\t<i aria-hidden=\"true\" class=\"fas fa-angle-right\"><\/i>\t\t\t<\/div>\n\t\t<\/div>\n\t\t\t\t\t\t<\/div>\n\t\t\t\t<\/div>\n\t\t\t\t<div class=\"elementor-element elementor-element-3fa7fe4 elementor-widget elementor-widget-heading\" data-id=\"3fa7fe4\" data-element_type=\"widget\" data-widget_type=\"heading.default\">\n\t\t\t\t<div class=\"elementor-widget-container\">\n\t\t\t\t\t<span class=\"elementor-heading-title elementor-size-default\"><a href=\"\/settori\/\">Settori<\/a><\/span>\t\t\t\t<\/div>\n\t\t\t\t<\/div>\n\t\t\t\t<div class=\"elementor-element elementor-element-bbf2b61 elementor-view-default elementor-widget elementor-widget-icon\" data-id=\"bbf2b61\" data-element_type=\"widget\" data-widget_type=\"icon.default\">\n\t\t\t\t<div class=\"elementor-widget-container\">\n\t\t\t\t\t\t\t<div class=\"elementor-icon-wrapper\">\n\t\t\t<div class=\"elementor-icon\">\n\t\t\t<i aria-hidden=\"true\" class=\"fas fa-angle-right\"><\/i>\t\t\t<\/div>\n\t\t<\/div>\n\t\t\t\t\t\t<\/div>\n\t\t\t\t<\/div>\n\t\t\t\t<div class=\"elementor-element elementor-element-4000df8 elementor-widget elementor-widget-heading\" data-id=\"4000df8\" data-element_type=\"widget\" data-widget_type=\"heading.default\">\n\t\t\t\t<div class=\"elementor-widget-container\">\n\t\t\t\t\t<span class=\"elementor-heading-title elementor-size-default\">Centri urbani e commerciali<\/span>\t\t\t\t<\/div>\n\t\t\t\t<\/div>\n\t\t\t\t\t<\/div>\n\t\t\t\t<\/div>\n\t\t\t\t\t<\/div>\n\t\t\t\t<\/div>\n\t\t<div class=\"elementor-element elementor-element-052a8e6 e-flex e-con-boxed e-con e-parent\" data-id=\"052a8e6\" data-element_type=\"container\">\n\t\t\t\t\t<div class=\"e-con-inner\">\n\t\t<div class=\"elementor-element elementor-element-967bc15 e-flex e-con-boxed e-con e-child\" data-id=\"967bc15\" data-element_type=\"container\">\n\t\t\t\t\t<div class=\"e-con-inner\">\n\t\t\t\t<div class=\"elementor-element elementor-element-1adddd1 elementor-widget-divider--view-line elementor-widget elementor-widget-divider\" data-id=\"1adddd1\" data-element_type=\"widget\" data-widget_type=\"divider.default\">\n\t\t\t\t<div class=\"elementor-widget-container\">\n\t\t\t\t\t\t\t<div class=\"elementor-divider\">\n\t\t\t<span class=\"elementor-divider-separator\">\n\t\t\t\t\t\t<\/span>\n\t\t<\/div>\n\t\t\t\t\t\t<\/div>\n\t\t\t\t<\/div>\n\t\t\t\t<div class=\"elementor-element elementor-element-8016a61 elementor-widget elementor-widget-heading\" data-id=\"8016a61\" data-element_type=\"widget\" data-widget_type=\"heading.default\">\n\t\t\t\t<div class=\"elementor-widget-container\">\n\t\t\t\t\t<h2 class=\"elementor-heading-title elementor-size-default\">Con APCOA, il parcheggio va in citt\u00e0.<\/h2>\t\t\t\t<\/div>\n\t\t\t\t<\/div>\n\t\t\t\t<div class=\"elementor-element elementor-element-f2e296d elementor-widget__width-initial elementor-widget elementor-widget-text-editor\" data-id=\"f2e296d\" data-element_type=\"widget\" data-widget_type=\"text-editor.default\">\n\t\t\t\t<div class=\"elementor-widget-container\">\n\t\t\t\t\t\t\t\t\t<p>Grazie alla nostra esperienza con i parcheggi nei punti vendita di tutta Europa, sappiamo che le citt\u00e0 e i centri commerciali devono affrontare la concorrenza agguerrita dei negozi online e dei servizi di consegna. Per attirare i clienti \u00e8 necessario offrire un&#8217;ottima esperienza di acquisto. In questo contesto, i parcheggi sono di solito il primo e l&#8217;ultimo punto di contatto nel percorso del consumatore di un centro urbano.<\/p>\n\t\t\t\t\t\t\t\t<\/div>\n\t\t\t\t<\/div>\n\t\t\t\t\t<\/div>\n\t\t\t\t<\/div>\n\t\t\t\t\t<\/div>\n\t\t\t\t<\/div>\n\t\t<div class=\"elementor-element elementor-element-8051b53 e-flex e-con-boxed e-con e-parent\" data-id=\"8051b53\" data-element_type=\"container\" data-settings=\"{&quot;background_background&quot;:&quot;classic&quot;}\">\n\t\t\t\t\t<div class=\"e-con-inner\">\n\t\t<div class=\"elementor-element elementor-element-3c3f9a6 e-flex e-con-boxed e-con e-child\" data-id=\"3c3f9a6\" data-element_type=\"container\">\n\t\t\t\t\t<div class=\"e-con-inner\">\n\t\t<div class=\"elementor-element elementor-element-1e7d5a9 e-flex e-con-boxed e-con e-child\" data-id=\"1e7d5a9\" data-element_type=\"container\">\n\t\t\t\t\t<div class=\"e-con-inner\">\n\t\t<div class=\"elementor-element elementor-element-5928bee e-con-full e-flex e-con e-child\" data-id=\"5928bee\" data-element_type=\"container\">\n\t\t\t\t<div class=\"elementor-element elementor-element-4877841 elementor-widget elementor-widget-heading\" data-id=\"4877841\" data-element_type=\"widget\" data-widget_type=\"heading.default\">\n\t\t\t\t<div class=\"elementor-widget-container\">\n\t\t\t\t\t<h4 class=\"elementor-heading-title elementor-size-default\">Un'esperienza di parcheggio perfetta per i vostri clienti<\/h4>\t\t\t\t<\/div>\n\t\t\t\t<\/div>\n\t\t\t\t<div class=\"elementor-element elementor-element-aa529f7 elementor-widget elementor-widget-text-editor\" data-id=\"aa529f7\" data-element_type=\"widget\" data-widget_type=\"text-editor.default\">\n\t\t\t\t<div class=\"elementor-widget-container\">\n\t\t\t\t\t\t\t\t\t<p>Grazie a soluzioni di parcheggio semplici, amichevoli e convenienti, contribuiamo in modo significativo a creare un&#8217;ottima esperienza per i clienti. Servizi aggiuntivi, come le statzioni di racaria, che i consumatori percepiscono come valore aggiunto arricchiscono questa esperienza. La piena integrazione digitale con i rivenditori circostanti pu\u00f2 persino fornire programmi di sconti superiori per i &#8220;buoni acquirenti&#8221;. APCOA gestisce parcheggi per citt\u00e0 e centri commerciali in oltre 1.500 localit\u00e0 in tutta Europa.<\/p>\n\t\t\t\t\t\t\t\t<\/div>\n\t\t\t\t<\/div>\n\t\t\t\t<div class=\"elementor-element elementor-element-43c4834 elementor-align-left elementor-icon-list--layout-inline elementor-list-item-link-full_width elementor-widget elementor-widget-icon-list\" data-id=\"43c4834\" data-element_type=\"widget\" data-widget_type=\"icon-list.default\">\n\t\t\t\t<div class=\"elementor-widget-container\">\n\t\t\t\t\t\t\t<ul class=\"elementor-icon-list-items elementor-inline-items\">\n\t\t\t\t\t\t\t<li class=\"elementor-icon-list-item elementor-inline-item\">\n\t\t\t\t\t\t\t\t\t\t\t<span class=\"elementor-icon-list-icon\">\n\t\t\t\t\t\t\t<svg xmlns=\"http:\/\/www.w3.org\/2000\/svg\" width=\"22.373\" height=\"16.086\" viewBox=\"0 0 22.373 16.086\"><path id=\"Icon_feather-check\" data-name=\"Icon feather-check\" d=\"M24.131,9,11.666,21.465,6,15.8\" transform=\"translate(-3.879 -6.879)\" fill=\"none\" stroke=\"#001e46\" stroke-linecap=\"round\" stroke-linejoin=\"round\" stroke-width=\"3\"><\/path><\/svg>\t\t\t\t\t\t<\/span>\n\t\t\t\t\t\t\t\t\t\t<span class=\"elementor-icon-list-text\">Forniamo pi\u00f9 di 135.000 posti auto nei centri commerciali e oltre 200.000 posti auto nei centri urbani in circa 350 citt\u00e0.<\/span>\n\t\t\t\t\t\t\t\t\t<\/li>\n\t\t\t\t\t\t\t\t<li class=\"elementor-icon-list-item elementor-inline-item\">\n\t\t\t\t\t\t\t\t\t\t\t<span class=\"elementor-icon-list-icon\">\n\t\t\t\t\t\t\t<svg xmlns=\"http:\/\/www.w3.org\/2000\/svg\" width=\"22.373\" height=\"16.086\" viewBox=\"0 0 22.373 16.086\"><path id=\"Icon_feather-check\" data-name=\"Icon feather-check\" d=\"M24.131,9,11.666,21.465,6,15.8\" transform=\"translate(-3.879 -6.879)\" fill=\"none\" stroke=\"#001e46\" stroke-linecap=\"round\" stroke-linejoin=\"round\" stroke-width=\"3\"><\/path><\/svg>\t\t\t\t\t\t<\/span>\n\t\t\t\t\t\t\t\t\t\t<span class=\"elementor-icon-list-text\">Siamo consapevoli che la concorrenza \u00e8 agguerrita, soprattutto nei centri urbani. Gli automobilisti di oggi chiedono strutture di parcheggio pulite, ben tenute e situate in posizione centrale nei centri urbani.<\/span>\n\t\t\t\t\t\t\t\t\t<\/li>\n\t\t\t\t\t\t\t\t<li class=\"elementor-icon-list-item elementor-inline-item\">\n\t\t\t\t\t\t\t\t\t\t\t<span class=\"elementor-icon-list-icon\">\n\t\t\t\t\t\t\t<svg xmlns=\"http:\/\/www.w3.org\/2000\/svg\" width=\"22.373\" height=\"16.086\" viewBox=\"0 0 22.373 16.086\"><path id=\"Icon_feather-check\" data-name=\"Icon feather-check\" d=\"M24.131,9,11.666,21.465,6,15.8\" transform=\"translate(-3.879 -6.879)\" fill=\"none\" stroke=\"#001e46\" stroke-linecap=\"round\" stroke-linejoin=\"round\" stroke-width=\"3\"><\/path><\/svg>\t\t\t\t\t\t<\/span>\n\t\t\t\t\t\t\t\t\t\t<span class=\"elementor-icon-list-text\">Per questo motivo lavoriamo a stretto contatto con i nostri clienti B2B per soddisfare le esigenze dei loro clienti, e ci impegniamo a promuovere il loro successo a lungo termine, assicurando che raggiungano gli obiettivi di guadagno.<\/span>\n\t\t\t\t\t\t\t\t\t<\/li>\n\t\t\t\t\t\t\t\t<li class=\"elementor-icon-list-item elementor-inline-item\">\n\t\t\t\t\t\t\t\t\t\t\t<span class=\"elementor-icon-list-icon\">\n\t\t\t\t\t\t\t<svg xmlns=\"http:\/\/www.w3.org\/2000\/svg\" width=\"22.373\" height=\"16.086\" viewBox=\"0 0 22.373 16.086\"><path id=\"Icon_feather-check\" data-name=\"Icon feather-check\" d=\"M24.131,9,11.666,21.465,6,15.8\" transform=\"translate(-3.879 -6.879)\" fill=\"none\" stroke=\"#001e46\" stroke-linecap=\"round\" stroke-linejoin=\"round\" stroke-width=\"3\"><\/path><\/svg>\t\t\t\t\t\t<\/span>\n\t\t\t\t\t\t\t\t\t\t<span class=\"elementor-icon-list-text\">Con le nostre soluzioni di ricarica per veicoli elettrici e, in particolare, con i nostri partner per la ricarica ad alte prestazioni, attiriamo nella vostra sede ulteriori visitatori che desiderano trascorrere il tempo nelle vicinanze durante la ricarica.<\/span>\n\t\t\t\t\t\t\t\t\t<\/li>\n\t\t\t\t\t\t<\/ul>\n\t\t\t\t\t\t<\/div>\n\t\t\t\t<\/div>\n\t\t<div class=\"elementor-element elementor-element-3c13b4e e-flex e-con-boxed e-con e-child\" data-id=\"3c13b4e\" data-element_type=\"container\">\n\t\t\t\t\t<div class=\"e-con-inner\">\n\t\t\t\t<div class=\"elementor-element elementor-element-e89fb78 elementor-widget elementor-widget-heading\" data-id=\"e89fb78\" data-element_type=\"widget\" data-widget_type=\"heading.default\">\n\t\t\t\t<div class=\"elementor-widget-container\">\n\t\t\t\t\t<h3 class=\"elementor-heading-title elementor-size-default\">Avete bisogno di ulteriori informazioni?<\/h3>\t\t\t\t<\/div>\n\t\t\t\t<\/div>\n\t\t\t\t<div class=\"elementor-element elementor-element-fa0c46c elementor-widget elementor-widget-button\" data-id=\"fa0c46c\" data-element_type=\"widget\" data-widget_type=\"button.default\">\n\t\t\t\t<div class=\"elementor-widget-container\">\n\t\t\t\t\t\t\t\t\t<div class=\"elementor-button-wrapper\">\n\t\t\t\t\t<a class=\"elementor-button elementor-button-link elementor-size-sm\" href=\"https:\/\/ch.apcoa.com\/it\/contatti\/\">\n\t\t\t\t\t\t<span class=\"elementor-button-content-wrapper\">\n\t\t\t\t\t\t\t\t\t<span class=\"elementor-button-text\">Contattate il nostro team di vendita<\/span>\n\t\t\t\t\t<\/span>\n\t\t\t\t\t<\/a>\n\t\t\t\t<\/div>\n\t\t\t\t\t\t\t\t<\/div>\n\t\t\t\t<\/div>\n\t\t\t\t\t<\/div>\n\t\t\t\t<\/div>\n\t\t\t\t<\/div>\n\t\t\t\t\t<\/div>\n\t\t\t\t<\/div>\n\t\t\t\t\t<\/div>\n\t\t\t\t<\/div>\n\t\t\t\t\t<\/div>\n\t\t\t\t<\/div>\n\t\t<div class=\"elementor-element elementor-element-b7938eb e-flex e-con-boxed e-con e-parent\" data-id=\"b7938eb\" data-element_type=\"container\">\n\t\t\t\t\t<div class=\"e-con-inner\">\n\t\t<div class=\"elementor-element elementor-element-7affe11 e-con-full e-flex e-con e-child\" data-id=\"7affe11\" data-element_type=\"container\">\n\t\t<div class=\"elementor-element elementor-element-6216438 e-con-full e-flex e-con e-child\" data-id=\"6216438\" data-element_type=\"container\">\n\t\t\t\t<div class=\"elementor-element elementor-element-37f4265 elementor-widget elementor-widget-heading\" data-id=\"37f4265\" data-element_type=\"widget\" data-widget_type=\"heading.default\">\n\t\t\t\t<div class=\"elementor-widget-container\">\n\t\t\t\t\t<h4 class=\"elementor-heading-title elementor-size-default\">Approfittate delle nostre soluzioni individuali ed efficaci:<\/h4>\t\t\t\t<\/div>\n\t\t\t\t<\/div>\n\t\t\t\t<div class=\"elementor-element elementor-element-df81bd1 elementor-align-left elementor-list-item-link-full_width elementor-widget elementor-widget-icon-list\" data-id=\"df81bd1\" data-element_type=\"widget\" data-widget_type=\"icon-list.default\">\n\t\t\t\t<div class=\"elementor-widget-container\">\n\t\t\t\t\t\t\t<ul class=\"elementor-icon-list-items\">\n\t\t\t\t\t\t\t<li class=\"elementor-icon-list-item\">\n\t\t\t\t\t\t\t\t\t\t\t<span class=\"elementor-icon-list-icon\">\n\t\t\t\t\t\t\t<svg xmlns=\"http:\/\/www.w3.org\/2000\/svg\" width=\"22.373\" height=\"16.086\" viewBox=\"0 0 22.373 16.086\"><path id=\"Icon_feather-check\" data-name=\"Icon feather-check\" d=\"M24.131,9,11.666,21.465,6,15.8\" transform=\"translate(-3.879 -6.879)\" fill=\"none\" stroke=\"#001e46\" stroke-linecap=\"round\" stroke-linejoin=\"round\" stroke-width=\"3\"><\/path><\/svg>\t\t\t\t\t\t<\/span>\n\t\t\t\t\t\t\t\t\t\t<span class=\"elementor-icon-list-text\">Ai nostri clienti B2B forniamo un'assistenza su misura, personalizzata in base alle circostanze, alle sedi e alle esigenze individuali.<\/span>\n\t\t\t\t\t\t\t\t\t<\/li>\n\t\t\t\t\t\t\t\t<li class=\"elementor-icon-list-item\">\n\t\t\t\t\t\t\t\t\t\t\t<span class=\"elementor-icon-list-icon\">\n\t\t\t\t\t\t\t<svg xmlns=\"http:\/\/www.w3.org\/2000\/svg\" width=\"22.373\" height=\"16.086\" viewBox=\"0 0 22.373 16.086\"><path id=\"Icon_feather-check\" data-name=\"Icon feather-check\" d=\"M24.131,9,11.666,21.465,6,15.8\" transform=\"translate(-3.879 -6.879)\" fill=\"none\" stroke=\"#001e46\" stroke-linecap=\"round\" stroke-linejoin=\"round\" stroke-width=\"3\"><\/path><\/svg>\t\t\t\t\t\t<\/span>\n\t\t\t\t\t\t\t\t\t\t<span class=\"elementor-icon-list-text\">Se richiesto, partecipiamo ai nuovi progetti dalla fase di sviluppo alla costruzione del parcheggio, fino alla gestione, alla manutenzione e alla modernizzazione.<\/span>\n\t\t\t\t\t\t\t\t\t<\/li>\n\t\t\t\t\t\t\t\t<li class=\"elementor-icon-list-item\">\n\t\t\t\t\t\t\t\t\t\t\t<span class=\"elementor-icon-list-icon\">\n\t\t\t\t\t\t\t<svg xmlns=\"http:\/\/www.w3.org\/2000\/svg\" width=\"22.373\" height=\"16.086\" viewBox=\"0 0 22.373 16.086\"><path id=\"Icon_feather-check\" data-name=\"Icon feather-check\" d=\"M24.131,9,11.666,21.465,6,15.8\" transform=\"translate(-3.879 -6.879)\" fill=\"none\" stroke=\"#001e46\" stroke-linecap=\"round\" stroke-linejoin=\"round\" stroke-width=\"3\"><\/path><\/svg>\t\t\t\t\t\t<\/span>\n\t\t\t\t\t\t\t\t\t\t<span class=\"elementor-icon-list-text\"> Qualunque siano le vostre esigenze di gestione dei parcheggi dei centri urbani e dei centri commerciali, contattateci per trovare la soluzione perfetta.<\/span>\n\t\t\t\t\t\t\t\t\t<\/li>\n\t\t\t\t\t\t<\/ul>\n\t\t\t\t\t\t<\/div>\n\t\t\t\t<\/div>\n\t\t<div class=\"elementor-element elementor-element-d831441 e-flex e-con-boxed e-con e-child\" data-id=\"d831441\" data-element_type=\"container\">\n\t\t\t\t\t<div class=\"e-con-inner\">\n\t\t\t\t<div class=\"elementor-element elementor-element-5c9215f elementor-widget elementor-widget-heading\" data-id=\"5c9215f\" data-element_type=\"widget\" data-widget_type=\"heading.default\">\n\t\t\t\t<div class=\"elementor-widget-container\">\n\t\t\t\t\t<h3 class=\"elementor-heading-title elementor-size-default\">Avete bisogno di ulteriori informazioni?<\/h3>\t\t\t\t<\/div>\n\t\t\t\t<\/div>\n\t\t\t\t<div class=\"elementor-element elementor-element-804068b elementor-widget elementor-widget-button\" data-id=\"804068b\" data-element_type=\"widget\" data-widget_type=\"button.default\">\n\t\t\t\t<div class=\"elementor-widget-container\">\n\t\t\t\t\t\t\t\t\t<div class=\"elementor-button-wrapper\">\n\t\t\t\t\t<a class=\"elementor-button elementor-button-link elementor-size-sm\" href=\"https:\/\/ch.apcoa.com\/it\/contatti\/\">\n\t\t\t\t\t\t<span class=\"elementor-button-content-wrapper\">\n\t\t\t\t\t\t\t\t\t<span class=\"elementor-button-text\">Contattate il nostro team di vendita<\/span>\n\t\t\t\t\t<\/span>\n\t\t\t\t\t<\/a>\n\t\t\t\t<\/div>\n\t\t\t\t\t\t\t\t<\/div>\n\t\t\t\t<\/div>\n\t\t\t\t\t<\/div>\n\t\t\t\t<\/div>\n\t\t\t\t<\/div>\n\t\t<div class=\"elementor-element elementor-element-01b5d6f e-flex e-con-boxed e-con e-child\" data-id=\"01b5d6f\" data-element_type=\"container\">\n\t\t\t\t\t<div class=\"e-con-inner\">\n\t\t\t\t<div class=\"elementor-element elementor-element-ac1644a elementor-widget elementor-widget-image\" data-id=\"ac1644a\" data-element_type=\"widget\" data-widget_type=\"image.default\">\n\t\t\t\t<div class=\"elementor-widget-container\">\n\t\t\t\t\t\t\t\t\t\t\t\t\t\t\t<img fetchpriority=\"high\" decoding=\"async\" width=\"768\" height=\"512\" src=\"\/wp-content\/uploads\/sites\/15\/2023\/12\/City_Shopping_Poland_Gdynia-768x512.jpg\" class=\"attachment-medium_large size-medium_large wp-image-7552\" alt=\"\" srcset=\"\/wp-content\/uploads\/sites\/15\/2023\/12\/City_Shopping_Poland_Gdynia-768x512.jpg 768w, \/wp-content\/uploads\/sites\/15\/2023\/12\/City_Shopping_Poland_Gdynia-300x200.jpg 300w, \/wp-content\/uploads\/sites\/15\/2023\/12\/City_Shopping_Poland_Gdynia-1024x683.jpg 1024w, \/wp-content\/uploads\/sites\/15\/2023\/12\/City_Shopping_Poland_Gdynia.jpg 1200w\" sizes=\"(max-width: 768px) 100vw, 768px\" \/>\t\t\t\t\t\t\t\t\t\t\t\t\t\t\t<\/div>\n\t\t\t\t<\/div>\n\t\t\t\t\t<\/div>\n\t\t\t\t<\/div>\n\t\t\t\t<\/div>\n\t\t\t\t\t<\/div>\n\t\t\t\t<\/div>\n\t\t\t\t<\/div>\n\t\t","protected":false},"excerpt":{"rendered":"<p>Centri urbani e commerciali Arricchire l&#8217;esperienza dello shopping. Settori Centri urbani e commerciali Con APCOA, il parcheggio va in citt\u00e0. Grazie alla nostra esperienza con i parcheggi nei punti vendita di tutta Europa, sappiamo che le citt\u00e0 e i centri commerciali devono affrontare la concorrenza agguerrita dei negozi online e dei servizi di consegna. Per [&hellip;]<\/p>\n","protected":false},"author":2,"featured_media":0,"parent":15688,"menu_order":0,"comment_status":"closed","ping_status":"closed","template":"","meta":{"_acf_changed":false,"site-sidebar-layout":"no-sidebar","site-content-layout":"","ast-site-content-layout":"full-width-container","site-content-style":"default","site-sidebar-style":"default","ast-global-header-display":"","ast-banner-title-visibility":"","ast-main-header-display":"","ast-hfb-above-header-display":"","ast-hfb-below-header-display":"","ast-hfb-mobile-header-display":"","site-post-title":"disabled","ast-breadcrumbs-content":"","ast-featured-img":"disabled","footer-sml-layout":"","ast-disable-related-posts":"","theme-transparent-header-meta":"","adv-header-id-meta":"","stick-header-meta":"","header-above-stick-meta":"","header-main-stick-meta":"","header-below-stick-meta":"","astra-migrate-meta-layouts":"default","ast-page-background-enabled":"default","ast-page-background-meta":{"desktop":{"background-color":"var(--ast-global-color-4)","background-image":"","background-repeat":"repeat","background-position":"center center","background-size":"auto","background-attachment":"scroll","background-type":"","background-media":"","overlay-type":"","overlay-color":"","overlay-opacity":"","overlay-gradient":""},"tablet":{"background-color":"","background-image":"","background-repeat":"repeat","background-position":"center center","background-size":"auto","background-attachment":"scroll","background-type":"","background-media":"","overlay-type":"","overlay-color":"","overlay-opacity":"","overlay-gradient":""},"mobile":{"background-color":"","background-image":"","background-repeat":"repeat","background-position":"center center","background-size":"auto","background-attachment":"scroll","background-type":"","background-media":"","overlay-type":"","overlay-color":"","overlay-opacity":"","overlay-gradient":""}},"ast-content-background-meta":{"desktop":{"background-color":"var(--ast-global-color-5)","background-image":"","background-repeat":"repeat","background-position":"center center","background-size":"auto","background-attachment":"scroll","background-type":"","background-media":"","overlay-type":"","overlay-color":"","overlay-opacity":"","overlay-gradient":""},"tablet":{"background-color":"var(--ast-global-color-5)","background-image":"","background-repeat":"repeat","background-position":"center center","background-size":"auto","background-attachment":"scroll","background-type":"","background-media":"","overlay-type":"","overlay-color":"","overlay-opacity":"","overlay-gradient":""},"mobile":{"background-color":"var(--ast-global-color-5)","background-image":"","background-repeat":"repeat","background-position":"center center","background-size":"auto","background-attachment":"scroll","background-type":"","background-media":"","overlay-type":"","overlay-color":"","overlay-opacity":"","overlay-gradient":""}},"footnotes":""},"class_list":["post-15710","page","type-page","status-publish","hentry"],"acf":[],"_links":{"self":[{"href":"https:\/\/ch.apcoa.com\/it\/wp-json\/wp\/v2\/pages\/15710","targetHints":{"allow":["GET"]}}],"collection":[{"href":"https:\/\/ch.apcoa.com\/it\/wp-json\/wp\/v2\/pages"}],"about":[{"href":"https:\/\/ch.apcoa.com\/it\/wp-json\/wp\/v2\/types\/page"}],"author":[{"embeddable":true,"href":"https:\/\/ch.apcoa.com\/it\/wp-json\/wp\/v2\/users\/2"}],"replies":[{"embeddable":true,"href":"https:\/\/ch.apcoa.com\/it\/wp-json\/wp\/v2\/comments?post=15710"}],"version-history":[{"count":9,"href":"https:\/\/ch.apcoa.com\/it\/wp-json\/wp\/v2\/pages\/15710\/revisions"}],"predecessor-version":[{"id":16635,"href":"https:\/\/ch.apcoa.com\/it\/wp-json\/wp\/v2\/pages\/15710\/revisions\/16635"}],"up":[{"embeddable":true,"href":"https:\/\/ch.apcoa.com\/it\/wp-json\/wp\/v2\/pages\/15688"}],"wp:attachment":[{"href":"https:\/\/ch.apcoa.com\/it\/wp-json\/wp\/v2\/media?parent=15710"}],"curies":[{"name":"wp","href":"https:\/\/api.w.org\/{rel}","templated":true}]}}