{"id":15694,"date":"2023-10-19T13:14:45","date_gmt":"2023-10-19T13:14:45","guid":{"rendered":"https:\/\/ch.apcoa.com\/settori\/sanita-e-istruzione\/"},"modified":"2025-11-25T13:59:03","modified_gmt":"2025-11-25T13:59:03","slug":"sanita-e-istruzione","status":"publish","type":"page","link":"https:\/\/ch.apcoa.com\/it\/settori\/sanita-e-istruzione\/","title":{"rendered":"Sanit\u00e0 e istruzione"},"content":{"rendered":"\t\t<div data-elementor-type=\"wp-page\" data-elementor-id=\"15694\" class=\"elementor elementor-15694 elementor-2194\" data-elementor-post-type=\"page\">\n\t\t\t\t<div class=\"elementor-element elementor-element-85d0f52 e-flex e-con-boxed e-con e-parent\" data-id=\"85d0f52\" data-element_type=\"container\" data-settings=\"{&quot;background_background&quot;:&quot;classic&quot;}\">\n\t\t\t\t\t<div class=\"e-con-inner\">\n\t\t<div class=\"elementor-element elementor-element-8a34ced e-flex e-con-boxed e-con e-child\" data-id=\"8a34ced\" data-element_type=\"container\" data-settings=\"{&quot;background_background&quot;:&quot;gradient&quot;}\">\n\t\t\t\t\t<div class=\"e-con-inner\">\n\t\t\t\t<div class=\"elementor-element elementor-element-7f30ace elementor-widget-divider--view-line elementor-widget elementor-widget-divider\" data-id=\"7f30ace\" data-element_type=\"widget\" data-widget_type=\"divider.default\">\n\t\t\t\t<div class=\"elementor-widget-container\">\n\t\t\t\t\t\t\t<div class=\"elementor-divider\">\n\t\t\t<span class=\"elementor-divider-separator\">\n\t\t\t\t\t\t<\/span>\n\t\t<\/div>\n\t\t\t\t\t\t<\/div>\n\t\t\t\t<\/div>\n\t\t\t\t<div class=\"elementor-element elementor-element-2ef669b elementor-widget-mobile__width-inherit elementor-widget elementor-widget-heading\" data-id=\"2ef669b\" data-element_type=\"widget\" data-widget_type=\"heading.default\">\n\t\t\t\t<div class=\"elementor-widget-container\">\n\t\t\t\t\t<h2 class=\"elementor-heading-title elementor-size-default\">Sanit\u00e0 e istruzione<\/h2>\t\t\t\t<\/div>\n\t\t\t\t<\/div>\n\t\t\t\t<div class=\"elementor-element elementor-element-29bb2ef elementor-widget elementor-widget-heading\" data-id=\"29bb2ef\" data-element_type=\"widget\" data-widget_type=\"heading.default\">\n\t\t\t\t<div class=\"elementor-widget-container\">\n\t\t\t\t\t<h2 class=\"elementor-heading-title elementor-size-default\">Soddisfare le vostre esigenze di parcheggio.<\/h2>\t\t\t\t<\/div>\n\t\t\t\t<\/div>\n\t\t\t\t\t<\/div>\n\t\t\t\t<\/div>\n\t\t\t\t\t<\/div>\n\t\t\t\t<\/div>\n\t\t<div class=\"elementor-element elementor-element-303ee1d breadcrumbNav e-flex e-con-boxed e-con e-parent\" data-id=\"303ee1d\" data-element_type=\"container\">\n\t\t\t\t\t<div class=\"e-con-inner\">\n\t\t<div class=\"elementor-element elementor-element-089a6d2 e-flex e-con-boxed e-con e-child\" data-id=\"089a6d2\" data-element_type=\"container\">\n\t\t\t\t\t<div class=\"e-con-inner\">\n\t\t\t\t<div class=\"elementor-element elementor-element-e5b9e5b elementor-view-default elementor-widget elementor-widget-icon\" data-id=\"e5b9e5b\" data-element_type=\"widget\" data-widget_type=\"icon.default\">\n\t\t\t\t<div class=\"elementor-widget-container\">\n\t\t\t\t\t\t\t<div class=\"elementor-icon-wrapper\">\n\t\t\t<a class=\"elementor-icon\" href=\"https:\/\/ch.apcoa.com\/it\/\">\n\t\t\t<svg xmlns=\"http:\/\/www.w3.org\/2000\/svg\" width=\"16.979\" height=\"17.177\" viewBox=\"0 0 16.979 17.177\"><g id=\"Icon_DGUV_haus\" data-name=\"Icon \/ DGUV \/ haus\" transform=\"translate(0.492 0.691)\"><path id=\"Subtraction_2\" data-name=\"Subtraction 2\" d=\"M16824.445,7603.972h-12.777v-7.335l-.232.237a.824.824,0,0,1-.57.232.8.8,0,0,1-.562-1.364l7.754-7.741,7.752,7.745a.792.792,0,0,1,.234.568.78.78,0,0,1-.234.56.8.8,0,0,1-1.131,0l-.232-.232v7.33Zm-7.99-6.385h3.2v4.789h3.193v-7.331l-4.793-4.789-4.793,4.789v7.331h3.191v-4.788Z\" transform=\"translate(-16810.057 -7587.986)\" fill=\"#001e46\" stroke=\"rgba(0,0,0,0)\" stroke-miterlimit=\"10\" stroke-width=\"1\"><\/path><\/g><\/svg>\t\t\t<\/a>\n\t\t<\/div>\n\t\t\t\t\t\t<\/div>\n\t\t\t\t<\/div>\n\t\t\t\t<div class=\"elementor-element elementor-element-332db5b elementor-view-default elementor-widget elementor-widget-icon\" data-id=\"332db5b\" data-element_type=\"widget\" data-widget_type=\"icon.default\">\n\t\t\t\t<div class=\"elementor-widget-container\">\n\t\t\t\t\t\t\t<div class=\"elementor-icon-wrapper\">\n\t\t\t<div class=\"elementor-icon\">\n\t\t\t<i aria-hidden=\"true\" class=\"fas fa-angle-right\"><\/i>\t\t\t<\/div>\n\t\t<\/div>\n\t\t\t\t\t\t<\/div>\n\t\t\t\t<\/div>\n\t\t\t\t<div class=\"elementor-element elementor-element-7b3e635 elementor-widget elementor-widget-heading\" data-id=\"7b3e635\" data-element_type=\"widget\" data-widget_type=\"heading.default\">\n\t\t\t\t<div class=\"elementor-widget-container\">\n\t\t\t\t\t<span class=\"elementor-heading-title elementor-size-default\"><a href=\"\/sectors\/\">Settori<\/a><\/span>\t\t\t\t<\/div>\n\t\t\t\t<\/div>\n\t\t\t\t<div class=\"elementor-element elementor-element-c38b111 elementor-view-default elementor-widget elementor-widget-icon\" data-id=\"c38b111\" data-element_type=\"widget\" data-widget_type=\"icon.default\">\n\t\t\t\t<div class=\"elementor-widget-container\">\n\t\t\t\t\t\t\t<div class=\"elementor-icon-wrapper\">\n\t\t\t<div class=\"elementor-icon\">\n\t\t\t<i aria-hidden=\"true\" class=\"fas fa-angle-right\"><\/i>\t\t\t<\/div>\n\t\t<\/div>\n\t\t\t\t\t\t<\/div>\n\t\t\t\t<\/div>\n\t\t\t\t<div class=\"elementor-element elementor-element-86affe7 elementor-widget elementor-widget-heading\" data-id=\"86affe7\" data-element_type=\"widget\" data-widget_type=\"heading.default\">\n\t\t\t\t<div class=\"elementor-widget-container\">\n\t\t\t\t\t<span class=\"elementor-heading-title elementor-size-default\">Sanit\u00e0 e istruzione<\/span>\t\t\t\t<\/div>\n\t\t\t\t<\/div>\n\t\t\t\t\t<\/div>\n\t\t\t\t<\/div>\n\t\t\t\t\t<\/div>\n\t\t\t\t<\/div>\n\t\t<div class=\"elementor-element elementor-element-251c6d2 e-flex e-con-boxed e-con e-parent\" data-id=\"251c6d2\" data-element_type=\"container\">\n\t\t\t\t\t<div class=\"e-con-inner\">\n\t\t<div class=\"elementor-element elementor-element-84d9594 e-flex e-con-boxed e-con e-child\" data-id=\"84d9594\" data-element_type=\"container\">\n\t\t\t\t\t<div class=\"e-con-inner\">\n\t\t\t\t<div class=\"elementor-element elementor-element-aadd061 elementor-widget-divider--view-line elementor-widget elementor-widget-divider\" data-id=\"aadd061\" data-element_type=\"widget\" data-widget_type=\"divider.default\">\n\t\t\t\t<div class=\"elementor-widget-container\">\n\t\t\t\t\t\t\t<div class=\"elementor-divider\">\n\t\t\t<span class=\"elementor-divider-separator\">\n\t\t\t\t\t\t<\/span>\n\t\t<\/div>\n\t\t\t\t\t\t<\/div>\n\t\t\t\t<\/div>\n\t\t\t\t<div class=\"elementor-element elementor-element-52f880f elementor-widget elementor-widget-heading\" data-id=\"52f880f\" data-element_type=\"widget\" data-widget_type=\"heading.default\">\n\t\t\t\t<div class=\"elementor-widget-container\">\n\t\t\t\t\t<h2 class=\"elementor-heading-title elementor-size-default\">Parcheggi su misura per le esigenze del personale, dei visitatori e degli studenti.<\/h2>\t\t\t\t<\/div>\n\t\t\t\t<\/div>\n\t\t\t\t<div class=\"elementor-element elementor-element-af17faa elementor-widget__width-initial elementor-widget elementor-widget-text-editor\" data-id=\"af17faa\" data-element_type=\"widget\" data-widget_type=\"text-editor.default\">\n\t\t\t\t<div class=\"elementor-widget-container\">\n\t\t\t\t\t\t\t\t\t<p>Gestiamo pi\u00f9 di 150 parcheggi in strutture educative e sanitarie in tutta Europa, tra cui circa 25.000 posti auto negli ospedali. Il nostro obiettivo \u00e8 gestire con successo i parcheggi a lungo termine per il personale e i visitatori, garantire l&#8217;accessibilit\u00e0 alle ambulanze e gestire la pianificazione e il finanziamento dei parcheggi.<\/p>\n\t\t\t\t\t\t\t\t<\/div>\n\t\t\t\t<\/div>\n\t\t<div class=\"elementor-element elementor-element-0b2b91e e-flex e-con-boxed e-con e-child\" data-id=\"0b2b91e\" data-element_type=\"container\">\n\t\t\t\t\t<div class=\"e-con-inner\">\n\t\t<div class=\"elementor-element elementor-element-62cb898 e-con-full e-flex e-con e-child\" data-id=\"62cb898\" data-element_type=\"container\">\n\t\t\t\t<div class=\"elementor-element elementor-element-77419a3 elementor-widget elementor-widget-heading\" data-id=\"77419a3\" data-element_type=\"widget\" data-widget_type=\"heading.default\">\n\t\t\t\t<div class=\"elementor-widget-container\">\n\t\t\t\t\t<h4 class=\"elementor-heading-title elementor-size-default\">Il vostro specialista con una lunga esperienza<\/h4>\t\t\t\t<\/div>\n\t\t\t\t<\/div>\n\t\t\t\t<div class=\"elementor-element elementor-element-f0fce87 elementor-widget__width-initial elementor-widget elementor-widget-text-editor\" data-id=\"f0fce87\" data-element_type=\"widget\" data-widget_type=\"text-editor.default\">\n\t\t\t\t<div class=\"elementor-widget-container\">\n\t\t\t\t\t\t\t\t\t<p>Con oltre 15 anni di esperienza nel settore, siamo lo specialista dei parcheggi per ospedali e scuole. Il nostro team dedicato e competente comprende le vostre esigenze specifiche e condivide le migliori pratiche a livello internazionale per aiutarvi a raggiungere i vostri obiettivi. Sappiamo che le vostre esigenze di parcheggio sono diverse da quelle di altre sedi e agiamo di conseguenza.<\/p>\n\t\t\t\t\t\t\t\t<\/div>\n\t\t\t\t<\/div>\n\t\t\t\t<\/div>\n\t\t\t\t\t<\/div>\n\t\t\t\t<\/div>\n\t\t\t\t\t<\/div>\n\t\t\t\t<\/div>\n\t\t\t\t\t<\/div>\n\t\t\t\t<\/div>\n\t\t<div class=\"elementor-element elementor-element-db6f7a1 e-flex e-con-boxed e-con e-child\" data-id=\"db6f7a1\" data-element_type=\"container\" data-settings=\"{&quot;background_background&quot;:&quot;classic&quot;}\">\n\t\t\t\t\t<div class=\"e-con-inner\">\n\t\t<div class=\"elementor-element elementor-element-239623e e-con-full e-flex e-con e-child\" data-id=\"239623e\" data-element_type=\"container\">\n\t\t<div class=\"elementor-element elementor-element-7f91b50 e-con-full e-flex e-con e-child\" data-id=\"7f91b50\" data-element_type=\"container\">\n\t\t\t\t<div class=\"elementor-element elementor-element-cb21072 elementor-widget elementor-widget-heading\" data-id=\"cb21072\" data-element_type=\"widget\" data-widget_type=\"heading.default\">\n\t\t\t\t<div class=\"elementor-widget-container\">\n\t\t\t\t\t<h4 class=\"elementor-heading-title elementor-size-default\">Approfittate del nostro approccio end-to-end che offre soluzioni su misura per le vostre esigenze specifiche:<\/h4>\t\t\t\t<\/div>\n\t\t\t\t<\/div>\n\t\t\t\t<div class=\"elementor-element elementor-element-085d357 elementor-align-left elementor-list-item-link-full_width elementor-widget elementor-widget-icon-list\" data-id=\"085d357\" data-element_type=\"widget\" data-widget_type=\"icon-list.default\">\n\t\t\t\t<div class=\"elementor-widget-container\">\n\t\t\t\t\t\t\t<ul class=\"elementor-icon-list-items\">\n\t\t\t\t\t\t\t<li class=\"elementor-icon-list-item\">\n\t\t\t\t\t\t\t\t\t\t\t<span class=\"elementor-icon-list-icon\">\n\t\t\t\t\t\t\t<svg xmlns=\"http:\/\/www.w3.org\/2000\/svg\" width=\"22.373\" height=\"16.086\" viewBox=\"0 0 22.373 16.086\"><path id=\"Icon_feather-check\" data-name=\"Icon feather-check\" d=\"M24.131,9,11.666,21.465,6,15.8\" transform=\"translate(-3.879 -6.879)\" fill=\"none\" stroke=\"#001e46\" stroke-linecap=\"round\" stroke-linejoin=\"round\" stroke-width=\"3\"><\/path><\/svg>\t\t\t\t\t\t<\/span>\n\t\t\t\t\t\t\t\t\t\t<span class=\"elementor-icon-list-text\">Creiamo parcheggi a lungo termine economicamente vantaggiosi con posti garantiti per il personale o gli studenti.<\/span>\n\t\t\t\t\t\t\t\t\t<\/li>\n\t\t\t\t\t\t\t\t<li class=\"elementor-icon-list-item\">\n\t\t\t\t\t\t\t\t\t\t\t<span class=\"elementor-icon-list-icon\">\n\t\t\t\t\t\t\t<svg xmlns=\"http:\/\/www.w3.org\/2000\/svg\" width=\"22.373\" height=\"16.086\" viewBox=\"0 0 22.373 16.086\"><path id=\"Icon_feather-check\" data-name=\"Icon feather-check\" d=\"M24.131,9,11.666,21.465,6,15.8\" transform=\"translate(-3.879 -6.879)\" fill=\"none\" stroke=\"#001e46\" stroke-linecap=\"round\" stroke-linejoin=\"round\" stroke-width=\"3\"><\/path><\/svg>\t\t\t\t\t\t<\/span>\n\t\t\t\t\t\t\t\t\t\t<span class=\"elementor-icon-list-text\">Facilitiamo la navigazione in loco e riduciamo la congestione grazie a una segnaletica chiara.<\/span>\n\t\t\t\t\t\t\t\t\t<\/li>\n\t\t\t\t\t\t\t\t<li class=\"elementor-icon-list-item\">\n\t\t\t\t\t\t\t\t\t\t\t<span class=\"elementor-icon-list-icon\">\n\t\t\t\t\t\t\t<svg xmlns=\"http:\/\/www.w3.org\/2000\/svg\" width=\"22.373\" height=\"16.086\" viewBox=\"0 0 22.373 16.086\"><path id=\"Icon_feather-check\" data-name=\"Icon feather-check\" d=\"M24.131,9,11.666,21.465,6,15.8\" transform=\"translate(-3.879 -6.879)\" fill=\"none\" stroke=\"#001e46\" stroke-linecap=\"round\" stroke-linejoin=\"round\" stroke-width=\"3\"><\/path><\/svg>\t\t\t\t\t\t<\/span>\n\t\t\t\t\t\t\t\t\t\t<span class=\"elementor-icon-list-text\">Ci assicuriamo che a medici e ambulanze sia garantito un accesso prioritario.<\/span>\n\t\t\t\t\t\t\t\t\t<\/li>\n\t\t\t\t\t\t\t\t<li class=\"elementor-icon-list-item\">\n\t\t\t\t\t\t\t\t\t\t\t<span class=\"elementor-icon-list-icon\">\n\t\t\t\t\t\t\t<svg xmlns=\"http:\/\/www.w3.org\/2000\/svg\" width=\"22.373\" height=\"16.086\" viewBox=\"0 0 22.373 16.086\"><path id=\"Icon_feather-check\" data-name=\"Icon feather-check\" d=\"M24.131,9,11.666,21.465,6,15.8\" transform=\"translate(-3.879 -6.879)\" fill=\"none\" stroke=\"#001e46\" stroke-linecap=\"round\" stroke-linejoin=\"round\" stroke-width=\"3\"><\/path><\/svg>\t\t\t\t\t\t<\/span>\n\t\t\t\t\t\t\t\t\t\t<span class=\"elementor-icon-list-text\">Introduciamo nelle vostre strutture attrezzature all'avanguardia, come telecamere ANPR per i veicoli.<\/span>\n\t\t\t\t\t\t\t\t\t<\/li>\n\t\t\t\t\t\t\t\t<li class=\"elementor-icon-list-item\">\n\t\t\t\t\t\t\t\t\t\t\t<span class=\"elementor-icon-list-icon\">\n\t\t\t\t\t\t\t<svg xmlns=\"http:\/\/www.w3.org\/2000\/svg\" width=\"22.373\" height=\"16.086\" viewBox=\"0 0 22.373 16.086\"><path id=\"Icon_feather-check\" data-name=\"Icon feather-check\" d=\"M24.131,9,11.666,21.465,6,15.8\" transform=\"translate(-3.879 -6.879)\" fill=\"none\" stroke=\"#001e46\" stroke-linecap=\"round\" stroke-linejoin=\"round\" stroke-width=\"3\"><\/path><\/svg>\t\t\t\t\t\t<\/span>\n\t\t\t\t\t\t\t\t\t\t<span class=\"elementor-icon-list-text\">Le nostre opzioni, come i parcheggi a contratto, i pagamenti tardivi senza contanti, le piattaforme di prenotazione online e le app, semplificano i pagamenti.<\/span>\n\t\t\t\t\t\t\t\t\t<\/li>\n\t\t\t\t\t\t\t\t<li class=\"elementor-icon-list-item\">\n\t\t\t\t\t\t\t\t\t\t\t<span class=\"elementor-icon-list-icon\">\n\t\t\t\t\t\t\t<svg xmlns=\"http:\/\/www.w3.org\/2000\/svg\" width=\"22.373\" height=\"16.086\" viewBox=\"0 0 22.373 16.086\"><path id=\"Icon_feather-check\" data-name=\"Icon feather-check\" d=\"M24.131,9,11.666,21.465,6,15.8\" transform=\"translate(-3.879 -6.879)\" fill=\"none\" stroke=\"#001e46\" stroke-linecap=\"round\" stroke-linejoin=\"round\" stroke-width=\"3\"><\/path><\/svg>\t\t\t\t\t\t<\/span>\n\t\t\t\t\t\t\t\t\t\t<span class=\"elementor-icon-list-text\">Riduciamo al minimo il vostro impegno amministrativo e garantiamo entrate costanti.<\/span>\n\t\t\t\t\t\t\t\t\t<\/li>\n\t\t\t\t\t\t\t\t<li class=\"elementor-icon-list-item\">\n\t\t\t\t\t\t\t\t\t\t\t<span class=\"elementor-icon-list-icon\">\n\t\t\t\t\t\t\t<svg xmlns=\"http:\/\/www.w3.org\/2000\/svg\" width=\"22.373\" height=\"16.086\" viewBox=\"0 0 22.373 16.086\"><path id=\"Icon_feather-check\" data-name=\"Icon feather-check\" d=\"M24.131,9,11.666,21.465,6,15.8\" transform=\"translate(-3.879 -6.879)\" fill=\"none\" stroke=\"#001e46\" stroke-linecap=\"round\" stroke-linejoin=\"round\" stroke-width=\"3\"><\/path><\/svg>\t\t\t\t\t\t<\/span>\n\t\t\t\t\t\t\t\t\t\t<span class=\"elementor-icon-list-text\">Il nostro approccio a ciclo completo riduce i rischi ed elimina lo stress.<\/span>\n\t\t\t\t\t\t\t\t\t<\/li>\n\t\t\t\t\t\t<\/ul>\n\t\t\t\t\t\t<\/div>\n\t\t\t\t<\/div>\n\t\t\t\t<div class=\"elementor-element elementor-element-226fc56 elementor-widget elementor-widget-text-editor\" data-id=\"226fc56\" data-element_type=\"widget\" data-widget_type=\"text-editor.default\">\n\t\t\t\t<div class=\"elementor-widget-container\">\n\t\t\t\t\t\t\t\t\t<p>Qualunque siano le vostre esigenze, APCOA ha l&#8217;esperienza necessaria per aiutarvi a raggiungere i vostri obiettivi. Tra i nostri clienti ci sono istituzioni come l&#8217;Universit\u00e4tsklinikum di Francoforte (Germania), l&#8217;Ospedale di Arhus (Danimarca), l&#8217;Ospedale Universitario di Cork (Irlanda) e l&#8217;Universitetssykehuset Nord-Norge (Norvegia), solo per citarne alcune.<\/p>\n\t\t\t\t\t\t\t\t<\/div>\n\t\t\t\t<\/div>\n\t\t<div class=\"elementor-element elementor-element-9165373 e-flex e-con-boxed e-con e-child\" data-id=\"9165373\" data-element_type=\"container\">\n\t\t\t\t\t<div class=\"e-con-inner\">\n\t\t\t\t<div class=\"elementor-element elementor-element-8904036 elementor-widget elementor-widget-heading\" data-id=\"8904036\" data-element_type=\"widget\" data-widget_type=\"heading.default\">\n\t\t\t\t<div class=\"elementor-widget-container\">\n\t\t\t\t\t<h3 class=\"elementor-heading-title elementor-size-default\">Avete bisogno di ulteriori informazioni?<\/h3>\t\t\t\t<\/div>\n\t\t\t\t<\/div>\n\t\t\t\t<div class=\"elementor-element elementor-element-513d19e elementor-widget elementor-widget-button\" data-id=\"513d19e\" data-element_type=\"widget\" data-widget_type=\"button.default\">\n\t\t\t\t<div class=\"elementor-widget-container\">\n\t\t\t\t\t\t\t\t\t<div class=\"elementor-button-wrapper\">\n\t\t\t\t\t<a class=\"elementor-button elementor-button-link elementor-size-sm\" href=\"https:\/\/ch.apcoa.com\/it\/contatti\/\">\n\t\t\t\t\t\t<span class=\"elementor-button-content-wrapper\">\n\t\t\t\t\t\t\t\t\t<span class=\"elementor-button-text\">Contattate il nostro team di vendita<\/span>\n\t\t\t\t\t<\/span>\n\t\t\t\t\t<\/a>\n\t\t\t\t<\/div>\n\t\t\t\t\t\t\t\t<\/div>\n\t\t\t\t<\/div>\n\t\t\t\t\t<\/div>\n\t\t\t\t<\/div>\n\t\t\t\t<\/div>\n\t\t<div class=\"elementor-element elementor-element-21c2959 e-flex e-con-boxed e-con e-child\" data-id=\"21c2959\" data-element_type=\"container\">\n\t\t\t\t\t<div class=\"e-con-inner\">\n\t\t\t\t<div class=\"elementor-element elementor-element-68e1546 elementor-widget elementor-widget-image\" data-id=\"68e1546\" data-element_type=\"widget\" data-widget_type=\"image.default\">\n\t\t\t\t<div class=\"elementor-widget-container\">\n\t\t\t\t\t\t\t\t\t\t\t\t\t\t\t<img fetchpriority=\"high\" decoding=\"async\" width=\"768\" height=\"512\" src=\"\/wp-content\/uploads\/sites\/15\/2023\/12\/Healthcare_NO_Trondheim_Bakklandet_4043-768x512.jpg\" class=\"attachment-medium_large size-medium_large wp-image-7544\" alt=\"\" srcset=\"\/wp-content\/uploads\/sites\/15\/2023\/12\/Healthcare_NO_Trondheim_Bakklandet_4043-768x512.jpg 768w, \/wp-content\/uploads\/sites\/15\/2023\/12\/Healthcare_NO_Trondheim_Bakklandet_4043-300x200.jpg 300w, \/wp-content\/uploads\/sites\/15\/2023\/12\/Healthcare_NO_Trondheim_Bakklandet_4043-1024x683.jpg 1024w, \/wp-content\/uploads\/sites\/15\/2023\/12\/Healthcare_NO_Trondheim_Bakklandet_4043.jpg 1200w\" sizes=\"(max-width: 768px) 100vw, 768px\" \/>\t\t\t\t\t\t\t\t\t\t\t\t\t\t\t<\/div>\n\t\t\t\t<\/div>\n\t\t\t\t\t<\/div>\n\t\t\t\t<\/div>\n\t\t\t\t<\/div>\n\t\t\t\t\t<\/div>\n\t\t\t\t<\/div>\n\t\t\t\t<\/div>\n\t\t","protected":false},"excerpt":{"rendered":"<p>Sanit\u00e0 e istruzione Soddisfare le vostre esigenze di parcheggio. Settori Sanit\u00e0 e istruzione Parcheggi su misura per le esigenze del personale, dei visitatori e degli studenti. Gestiamo pi\u00f9 di 150 parcheggi in strutture educative e sanitarie in tutta Europa, tra cui circa 25.000 posti auto negli ospedali. Il nostro obiettivo \u00e8 gestire con successo i [&hellip;]<\/p>\n","protected":false},"author":2,"featured_media":0,"parent":15688,"menu_order":0,"comment_status":"closed","ping_status":"closed","template":"","meta":{"_acf_changed":false,"site-sidebar-layout":"no-sidebar","site-content-layout":"","ast-site-content-layout":"full-width-container","site-content-style":"default","site-sidebar-style":"default","ast-global-header-display":"","ast-banner-title-visibility":"","ast-main-header-display":"","ast-hfb-above-header-display":"","ast-hfb-below-header-display":"","ast-hfb-mobile-header-display":"","site-post-title":"disabled","ast-breadcrumbs-content":"","ast-featured-img":"disabled","footer-sml-layout":"","ast-disable-related-posts":"","theme-transparent-header-meta":"","adv-header-id-meta":"","stick-header-meta":"","header-above-stick-meta":"","header-main-stick-meta":"","header-below-stick-meta":"","astra-migrate-meta-layouts":"default","ast-page-background-enabled":"default","ast-page-background-meta":{"desktop":{"background-color":"var(--ast-global-color-4)","background-image":"","background-repeat":"repeat","background-position":"center center","background-size":"auto","background-attachment":"scroll","background-type":"","background-media":"","overlay-type":"","overlay-color":"","overlay-opacity":"","overlay-gradient":""},"tablet":{"background-color":"","background-image":"","background-repeat":"repeat","background-position":"center center","background-size":"auto","background-attachment":"scroll","background-type":"","background-media":"","overlay-type":"","overlay-color":"","overlay-opacity":"","overlay-gradient":""},"mobile":{"background-color":"","background-image":"","background-repeat":"repeat","background-position":"center center","background-size":"auto","background-attachment":"scroll","background-type":"","background-media":"","overlay-type":"","overlay-color":"","overlay-opacity":"","overlay-gradient":""}},"ast-content-background-meta":{"desktop":{"background-color":"var(--ast-global-color-5)","background-image":"","background-repeat":"repeat","background-position":"center center","background-size":"auto","background-attachment":"scroll","background-type":"","background-media":"","overlay-type":"","overlay-color":"","overlay-opacity":"","overlay-gradient":""},"tablet":{"background-color":"var(--ast-global-color-5)","background-image":"","background-repeat":"repeat","background-position":"center center","background-size":"auto","background-attachment":"scroll","background-type":"","background-media":"","overlay-type":"","overlay-color":"","overlay-opacity":"","overlay-gradient":""},"mobile":{"background-color":"var(--ast-global-color-5)","background-image":"","background-repeat":"repeat","background-position":"center center","background-size":"auto","background-attachment":"scroll","background-type":"","background-media":"","overlay-type":"","overlay-color":"","overlay-opacity":"","overlay-gradient":""}},"footnotes":""},"class_list":["post-15694","page","type-page","status-publish","hentry"],"acf":[],"_links":{"self":[{"href":"https:\/\/ch.apcoa.com\/it\/wp-json\/wp\/v2\/pages\/15694","targetHints":{"allow":["GET"]}}],"collection":[{"href":"https:\/\/ch.apcoa.com\/it\/wp-json\/wp\/v2\/pages"}],"about":[{"href":"https:\/\/ch.apcoa.com\/it\/wp-json\/wp\/v2\/types\/page"}],"author":[{"embeddable":true,"href":"https:\/\/ch.apcoa.com\/it\/wp-json\/wp\/v2\/users\/2"}],"replies":[{"embeddable":true,"href":"https:\/\/ch.apcoa.com\/it\/wp-json\/wp\/v2\/comments?post=15694"}],"version-history":[{"count":3,"href":"https:\/\/ch.apcoa.com\/it\/wp-json\/wp\/v2\/pages\/15694\/revisions"}],"predecessor-version":[{"id":16639,"href":"https:\/\/ch.apcoa.com\/it\/wp-json\/wp\/v2\/pages\/15694\/revisions\/16639"}],"up":[{"embeddable":true,"href":"https:\/\/ch.apcoa.com\/it\/wp-json\/wp\/v2\/pages\/15688"}],"wp:attachment":[{"href":"https:\/\/ch.apcoa.com\/it\/wp-json\/wp\/v2\/media?parent=15694"}],"curies":[{"name":"wp","href":"https:\/\/api.w.org\/{rel}","templated":true}]}}