{"id":16264,"date":"2023-09-19T15:30:30","date_gmt":"2023-09-19T15:30:30","guid":{"rendered":"https:\/\/ch.apcoa.com\/a-propos-dapcoa\/notre-vision-et-notre-mission\/"},"modified":"2025-01-06T10:22:01","modified_gmt":"2025-01-06T10:22:01","slug":"notre-vision-et-notre-mission","status":"publish","type":"page","link":"https:\/\/ch.apcoa.com\/fr\/a-propos-dapcoa\/notre-vision-et-notre-mission\/","title":{"rendered":"Notre vision et notre mission"},"content":{"rendered":"\t\t<div data-elementor-type=\"wp-page\" data-elementor-id=\"16264\" class=\"elementor elementor-16264 elementor-568\" data-elementor-post-type=\"page\">\n\t\t\t\t<div class=\"elementor-element elementor-element-7c134336 e-flex e-con-boxed e-con e-parent\" data-id=\"7c134336\" data-element_type=\"container\" data-settings=\"{&quot;background_background&quot;:&quot;classic&quot;}\">\n\t\t\t\t\t<div class=\"e-con-inner\">\n\t\t<div class=\"elementor-element elementor-element-261f03e7 e-flex e-con-boxed e-con e-child\" data-id=\"261f03e7\" data-element_type=\"container\">\n\t\t\t\t\t<div class=\"e-con-inner\">\n\t\t\t\t<div class=\"elementor-element elementor-element-11ead0a7 elementor-widget-divider--view-line elementor-widget elementor-widget-divider\" data-id=\"11ead0a7\" data-element_type=\"widget\" data-widget_type=\"divider.default\">\n\t\t\t\t<div class=\"elementor-widget-container\">\n\t\t\t\t\t\t\t<div class=\"elementor-divider\">\n\t\t\t<span class=\"elementor-divider-separator\">\n\t\t\t\t\t\t<\/span>\n\t\t<\/div>\n\t\t\t\t\t\t<\/div>\n\t\t\t\t<\/div>\n\t\t\t\t<div class=\"elementor-element elementor-element-5ed89e82 elementor-widget elementor-widget-heading\" data-id=\"5ed89e82\" data-element_type=\"widget\" data-widget_type=\"heading.default\">\n\t\t\t\t<div class=\"elementor-widget-container\">\n\t\t\t\t\t<h2 class=\"elementor-heading-title elementor-size-default\">Notre vision et notre mission<\/h2>\t\t\t\t<\/div>\n\t\t\t\t<\/div>\n\t\t\t\t<div class=\"elementor-element elementor-element-464563a9 elementor-widget elementor-widget-heading\" data-id=\"464563a9\" data-element_type=\"widget\" data-widget_type=\"heading.default\">\n\t\t\t\t<div class=\"elementor-widget-container\">\n\t\t\t\t\t<h2 class=\"elementor-heading-title elementor-size-default\">En tant que premier fournisseur de services de mobilit\u00e9 en Europe, nous d\u00e9passons les fronti\u00e8res pour fa\u00e7onner l'avenir du stationnement. <\/h2>\t\t\t\t<\/div>\n\t\t\t\t<\/div>\n\t\t\t\t\t<\/div>\n\t\t\t\t<\/div>\n\t\t\t\t\t<\/div>\n\t\t\t\t<\/div>\n\t\t<div class=\"elementor-element elementor-element-fd1e5fb breadcrumbNav e-flex e-con-boxed e-con e-parent\" data-id=\"fd1e5fb\" data-element_type=\"container\">\n\t\t\t\t\t<div class=\"e-con-inner\">\n\t\t<div class=\"elementor-element elementor-element-2d38546 e-flex e-con-boxed e-con e-child\" data-id=\"2d38546\" data-element_type=\"container\">\n\t\t\t\t\t<div class=\"e-con-inner\">\n\t\t\t\t<div class=\"elementor-element elementor-element-f917dc1 elementor-view-default elementor-widget elementor-widget-icon\" data-id=\"f917dc1\" data-element_type=\"widget\" data-widget_type=\"icon.default\">\n\t\t\t\t<div class=\"elementor-widget-container\">\n\t\t\t\t\t\t\t<div class=\"elementor-icon-wrapper\">\n\t\t\t<a class=\"elementor-icon\" href=\"https:\/\/ch.apcoa.com\/fr\/\">\n\t\t\t<svg xmlns=\"http:\/\/www.w3.org\/2000\/svg\" width=\"16.979\" height=\"17.177\" viewBox=\"0 0 16.979 17.177\"><g id=\"Icon_DGUV_haus\" data-name=\"Icon \/ DGUV \/ haus\" transform=\"translate(0.492 0.691)\"><path id=\"Subtraction_2\" data-name=\"Subtraction 2\" d=\"M16824.445,7603.972h-12.777v-7.335l-.232.237a.824.824,0,0,1-.57.232.8.8,0,0,1-.562-1.364l7.754-7.741,7.752,7.745a.792.792,0,0,1,.234.568.78.78,0,0,1-.234.56.8.8,0,0,1-1.131,0l-.232-.232v7.33Zm-7.99-6.385h3.2v4.789h3.193v-7.331l-4.793-4.789-4.793,4.789v7.331h3.191v-4.788Z\" transform=\"translate(-16810.057 -7587.986)\" fill=\"#001e46\" stroke=\"rgba(0,0,0,0)\" stroke-miterlimit=\"10\" stroke-width=\"1\"><\/path><\/g><\/svg>\t\t\t<\/a>\n\t\t<\/div>\n\t\t\t\t\t\t<\/div>\n\t\t\t\t<\/div>\n\t\t\t\t<div class=\"elementor-element elementor-element-9ebf3c5 elementor-view-default elementor-widget elementor-widget-icon\" data-id=\"9ebf3c5\" data-element_type=\"widget\" data-widget_type=\"icon.default\">\n\t\t\t\t<div class=\"elementor-widget-container\">\n\t\t\t\t\t\t\t<div class=\"elementor-icon-wrapper\">\n\t\t\t<div class=\"elementor-icon\">\n\t\t\t<i aria-hidden=\"true\" class=\"fas fa-angle-right\"><\/i>\t\t\t<\/div>\n\t\t<\/div>\n\t\t\t\t\t\t<\/div>\n\t\t\t\t<\/div>\n\t\t\t\t<div class=\"elementor-element elementor-element-5783fa0 elementor-widget elementor-widget-heading\" data-id=\"5783fa0\" data-element_type=\"widget\" data-widget_type=\"heading.default\">\n\t\t\t\t<div class=\"elementor-widget-container\">\n\t\t\t\t\t<span class=\"elementor-heading-title elementor-size-default\"><a href=\"https:\/\/ch.apcoa.com\/fr\/a-propos-dapcoa\/\">A propos d'APCOA<\/a><\/span>\t\t\t\t<\/div>\n\t\t\t\t<\/div>\n\t\t\t\t<div class=\"elementor-element elementor-element-eb9d500 elementor-view-default elementor-widget elementor-widget-icon\" data-id=\"eb9d500\" data-element_type=\"widget\" data-widget_type=\"icon.default\">\n\t\t\t\t<div class=\"elementor-widget-container\">\n\t\t\t\t\t\t\t<div class=\"elementor-icon-wrapper\">\n\t\t\t<div class=\"elementor-icon\">\n\t\t\t<i aria-hidden=\"true\" class=\"fas fa-angle-right\"><\/i>\t\t\t<\/div>\n\t\t<\/div>\n\t\t\t\t\t\t<\/div>\n\t\t\t\t<\/div>\n\t\t\t\t<div class=\"elementor-element elementor-element-990a011 elementor-widget elementor-widget-heading\" data-id=\"990a011\" data-element_type=\"widget\" data-widget_type=\"heading.default\">\n\t\t\t\t<div class=\"elementor-widget-container\">\n\t\t\t\t\t<span class=\"elementor-heading-title elementor-size-default\">Notre vision et notre mission<\/span>\t\t\t\t<\/div>\n\t\t\t\t<\/div>\n\t\t\t\t\t<\/div>\n\t\t\t\t<\/div>\n\t\t\t\t\t<\/div>\n\t\t\t\t<\/div>\n\t\t<div class=\"elementor-element elementor-element-7aa6824c e-flex e-con-boxed e-con e-parent\" data-id=\"7aa6824c\" data-element_type=\"container\">\n\t\t\t\t\t<div class=\"e-con-inner\">\n\t\t<div class=\"elementor-element elementor-element-37fc4d96 e-flex e-con-boxed e-con e-child\" data-id=\"37fc4d96\" data-element_type=\"container\">\n\t\t\t\t\t<div class=\"e-con-inner\">\n\t\t\t\t<div class=\"elementor-element elementor-element-4bfa2664 elementor-widget elementor-widget-text-editor\" data-id=\"4bfa2664\" data-element_type=\"widget\" data-widget_type=\"text-editor.default\">\n\t\t\t\t<div class=\"elementor-widget-container\">\n\t\t\t\t\t\t\t\t\t<p>En tant qu&rsquo;acteur majeur du march\u00e9, nous sommes fiers de la marque forte que nous avons d\u00e9velopp\u00e9e au fil des ans. Elle est l&rsquo;essence m\u00eame de ce que nous sommes et de ce que nous repr\u00e9sentons. La base stable de notre marque est constitu\u00e9e par notre vision et notre mission.<\/p>\n<p>\nLa vision d&rsquo;APCOA d\u00e9finit de mani\u00e8re concise notre objectif et la responsabilit\u00e9 que nous prenons pour l&rsquo;avenir de la mobilit\u00e9 urbaine. La mission d&rsquo;APCOA d\u00e9crit comment nous travaillons en permanence pour atteindre cet objectif et quel r\u00f4le nous jouons au profit de nos clients, du march\u00e9 et de la soci\u00e9t\u00e9 dans son ensemble.<\/p>\n\t\t\t\t\t\t\t\t<\/div>\n\t\t\t\t<\/div>\n\t\t\t\t\t<\/div>\n\t\t\t\t<\/div>\n\t\t\t\t\t<\/div>\n\t\t\t\t<\/div>\n\t\t<div class=\"elementor-element elementor-element-7a2b167 e-con-full e-flex e-con e-parent\" data-id=\"7a2b167\" data-element_type=\"container\">\n\t\t<div class=\"elementor-element elementor-element-93f843e e-flex e-con-boxed e-con e-child\" data-id=\"93f843e\" data-element_type=\"container\">\n\t\t\t\t\t<div class=\"e-con-inner\">\n\t\t<div class=\"elementor-element elementor-element-e09aa17 e-con-full e-flex e-con e-child\" data-id=\"e09aa17\" data-element_type=\"container\" data-settings=\"{&quot;background_background&quot;:&quot;classic&quot;}\">\n\t\t\t\t<div class=\"elementor-element elementor-element-5883089 elementor-widget-divider--view-line elementor-widget elementor-widget-divider\" data-id=\"5883089\" data-element_type=\"widget\" data-widget_type=\"divider.default\">\n\t\t\t\t<div class=\"elementor-widget-container\">\n\t\t\t\t\t\t\t<div class=\"elementor-divider\">\n\t\t\t<span class=\"elementor-divider-separator\">\n\t\t\t\t\t\t<\/span>\n\t\t<\/div>\n\t\t\t\t\t\t<\/div>\n\t\t\t\t<\/div>\n\t\t\t\t<div class=\"elementor-element elementor-element-3c81870 elementor-widget elementor-widget-heading\" data-id=\"3c81870\" data-element_type=\"widget\" data-widget_type=\"heading.default\">\n\t\t\t\t<div class=\"elementor-widget-container\">\n\t\t\t\t\t<h2 class=\"elementor-heading-title elementor-size-default\">Qui sommes-nous?<\/h2>\t\t\t\t<\/div>\n\t\t\t\t<\/div>\n\t\t\t\t<div class=\"elementor-element elementor-element-7280373 elementor-widget elementor-widget-text-editor\" data-id=\"7280373\" data-element_type=\"widget\" data-widget_type=\"text-editor.default\">\n\t\t\t\t<div class=\"elementor-widget-container\">\n\t\t\t\t\t\t\t\t\t<p>Num\u00e9riques, flexibles, sur mesure : nos solutions et services personnalis\u00e9s renforcent la fiabilit\u00e9, l&rsquo;efficacit\u00e9 et le confort de votre infrastructure.<br \/>\nNous vous aidons \u00e0 r\u00e9aliser votre potentiel au-del\u00e0 du stationnement en vous pr\u00e9parant aux d\u00e9fis et aux opportunit\u00e9s de la nouvelle mobilit\u00e9 et des nouvelles applications.<br \/>\nB\u00e9n\u00e9ficiez de notre longue exp\u00e9rience, de notre vaste expertise et d&rsquo;un puissant r\u00e9seau : Nous apportons une valeur ajout\u00e9e \u00e0 vos op\u00e9rations, quel que soit votre secteur d&rsquo;activit\u00e9.<\/p>\n\t\t\t\t\t\t\t\t<\/div>\n\t\t\t\t<\/div>\n\t\t\t\t<\/div>\n\t\t<div class=\"elementor-element elementor-element-3fb12e2 e-con-full e-flex e-con e-child\" data-id=\"3fb12e2\" data-element_type=\"container\">\n\t\t\t\t<div class=\"elementor-element elementor-element-fb49799 elementor-widget elementor-widget-image\" data-id=\"fb49799\" data-element_type=\"widget\" data-widget_type=\"image.default\">\n\t\t\t\t<div class=\"elementor-widget-container\">\n\t\t\t\t\t\t\t\t\t\t\t\t\t\t\t<img fetchpriority=\"high\" decoding=\"async\" width=\"1024\" height=\"683\" src=\"\/wp-content\/uploads\/sites\/15\/2023\/12\/Our-Vision_Who-we-are-1024x683.jpg\" class=\"attachment-large size-large wp-image-7563\" alt=\"\" srcset=\"\/wp-content\/uploads\/sites\/15\/2023\/12\/Our-Vision_Who-we-are-1024x683.jpg 1024w, \/wp-content\/uploads\/sites\/15\/2023\/12\/Our-Vision_Who-we-are-300x200.jpg 300w, \/wp-content\/uploads\/sites\/15\/2023\/12\/Our-Vision_Who-we-are-768x512.jpg 768w, \/wp-content\/uploads\/sites\/15\/2023\/12\/Our-Vision_Who-we-are.jpg 1200w\" sizes=\"(max-width: 1024px) 100vw, 1024px\" \/>\t\t\t\t\t\t\t\t\t\t\t\t\t\t\t<\/div>\n\t\t\t\t<\/div>\n\t\t\t\t<\/div>\n\t\t\t\t\t<\/div>\n\t\t\t\t<\/div>\n\t\t\t\t<\/div>\n\t\t<div class=\"elementor-element elementor-element-6f71d66 e-flex e-con-boxed e-con e-parent\" data-id=\"6f71d66\" data-element_type=\"container\" data-settings=\"{&quot;background_background&quot;:&quot;classic&quot;}\">\n\t\t\t\t\t<div class=\"e-con-inner\">\n\t\t<div class=\"elementor-element elementor-element-2b0912b e-flex e-con-boxed e-con e-child\" data-id=\"2b0912b\" data-element_type=\"container\">\n\t\t\t\t\t<div class=\"e-con-inner\">\n\t\t<div class=\"elementor-element elementor-element-be54935 e-flex e-con-boxed e-con e-child\" data-id=\"be54935\" data-element_type=\"container\">\n\t\t\t\t\t<div class=\"e-con-inner\">\n\t\t\t\t<div class=\"elementor-element elementor-element-eeff823 elementor-widget elementor-widget-heading\" data-id=\"eeff823\" data-element_type=\"widget\" data-widget_type=\"heading.default\">\n\t\t\t\t<div class=\"elementor-widget-container\">\n\t\t\t\t\t<h2 class=\"elementor-heading-title elementor-size-default\">Notre vision<\/h2>\t\t\t\t<\/div>\n\t\t\t\t<\/div>\n\t\t\t\t<div class=\"elementor-element elementor-element-232d045 elementor-widget elementor-widget-text-editor\" data-id=\"232d045\" data-element_type=\"widget\" data-widget_type=\"text-editor.default\">\n\t\t\t\t<div class=\"elementor-widget-container\">\n\t\t\t\t\t\t\t\t\t<p><strong>\u00ab\u00a0Faire de l&rsquo;infrastructure de stationnement un \u00e9l\u00e9ment essentiel de la mobilit\u00e9 durable de demain.\u00a0\u00bb<\/strong><\/p>\n\t\t\t\t\t\t\t\t<\/div>\n\t\t\t\t<\/div>\n\t\t\t\t\t<\/div>\n\t\t\t\t<\/div>\n\t\t<div class=\"elementor-element elementor-element-44116b6 e-flex e-con-boxed e-con e-child\" data-id=\"44116b6\" data-element_type=\"container\">\n\t\t\t\t\t<div class=\"e-con-inner\">\n\t\t\t\t<div class=\"elementor-element elementor-element-8edac2e elementor-widget elementor-widget-heading\" data-id=\"8edac2e\" data-element_type=\"widget\" data-widget_type=\"heading.default\">\n\t\t\t\t<div class=\"elementor-widget-container\">\n\t\t\t\t\t<h2 class=\"elementor-heading-title elementor-size-default\">Notre mission<\/h2>\t\t\t\t<\/div>\n\t\t\t\t<\/div>\n\t\t\t\t<div class=\"elementor-element elementor-element-92e6868 elementor-widget elementor-widget-text-editor\" data-id=\"92e6868\" data-element_type=\"widget\" data-widget_type=\"text-editor.default\">\n\t\t\t\t<div class=\"elementor-widget-container\">\n\t\t\t\t\t\t\t\t\t<p><strong>\u00ab\u00a0Nous nous engageons \u00e0 tirer le meilleur parti de chaque place de parking. Pour nos clients, leurs clients et leurs communaut\u00e9s. Aujourd&rsquo;hui et demain.\u00a0\u00bb<\/strong><\/p>\n\t\t\t\t\t\t\t\t<\/div>\n\t\t\t\t<\/div>\n\t\t\t\t\t<\/div>\n\t\t\t\t<\/div>\n\t\t\t\t\t<\/div>\n\t\t\t\t<\/div>\n\t\t\t\t\t<\/div>\n\t\t\t\t<\/div>\n\t\t<div class=\"elementor-element elementor-element-28ccfae2 e-flex e-con-boxed e-con e-parent\" data-id=\"28ccfae2\" data-element_type=\"container\">\n\t\t\t\t\t<div class=\"e-con-inner\">\n\t\t<div class=\"elementor-element elementor-element-64d27075 e-flex e-con-boxed e-con e-child\" data-id=\"64d27075\" data-element_type=\"container\">\n\t\t\t\t\t<div class=\"e-con-inner\">\n\t\t\t\t<div class=\"elementor-element elementor-element-17aa1453 elementor-widget elementor-widget-video\" data-id=\"17aa1453\" data-element_type=\"widget\" data-settings=\"{&quot;video_type&quot;:&quot;hosted&quot;,&quot;show_image_overlay&quot;:&quot;yes&quot;,&quot;image_overlay&quot;:{&quot;url&quot;:&quot;https:\\\/\\\/ch.apcoa.com\\\/wp-content\\\/uploads\\\/2024\\\/02\\\/WeAreAPCOA_cover_1080p.jpg&quot;,&quot;id&quot;:&quot;8891&quot;,&quot;size&quot;:&quot;&quot;,&quot;alt&quot;:&quot;&quot;,&quot;source&quot;:&quot;library&quot;},&quot;controls&quot;:&quot;yes&quot;}\" data-widget_type=\"video.default\">\n\t\t\t\t<div class=\"elementor-widget-container\">\n\t\t\t\t\t\t\t<div class=\"e-hosted-video elementor-wrapper elementor-open-inline\">\n\t\t\t\t\t<video class=\"elementor-video\" src=\"\/wp-content\/uploads\/2024\/02\/WeAreAPCOA_short_1080p_03.mp4\" controls=\"\" preload=\"metadata\" controlsList=\"nodownload\"><\/video>\n\t\t\t\t\t\t<div class=\"elementor-custom-embed-image-overlay\" style=\"background-image: url(\/wp-content\/uploads\/sites\/15\/2024\/02\/WeAreAPCOA_cover_1080p.jpg);\">\n\t\t\t\t\t\t\t\t\t\t\t\t\t\t\t\t<div class=\"elementor-custom-embed-play\" role=\"button\" aria-label=\"Lire la vid\u00e9o\" tabindex=\"0\">\n\t\t\t\t\t\t\t<i aria-hidden=\"true\" class=\"eicon-play\"><\/i>\t\t\t\t\t\t<\/div>\n\t\t\t\t\t\t\t\t\t<\/div>\n\t\t\t\t\t<\/div>\n\t\t\t\t\t\t<\/div>\n\t\t\t\t<\/div>\n\t\t\t\t\t<\/div>\n\t\t\t\t<\/div>\n\t\t\t\t\t<\/div>\n\t\t\t\t<\/div>\n\t\t<div class=\"elementor-element elementor-element-b00204c e-flex e-con-boxed e-con e-parent\" data-id=\"b00204c\" data-element_type=\"container\">\n\t\t\t\t\t<div class=\"e-con-inner\">\n\t\t<div class=\"elementor-element elementor-element-70171b8 e-flex e-con-boxed e-con e-child\" data-id=\"70171b8\" data-element_type=\"container\">\n\t\t\t\t\t<div class=\"e-con-inner\">\n\t\t\t\t<div class=\"elementor-element elementor-element-518df72 elementor-widget elementor-widget-heading\" data-id=\"518df72\" data-element_type=\"widget\" data-widget_type=\"heading.default\">\n\t\t\t\t<div class=\"elementor-widget-container\">\n\t\t\t\t\t<h2 class=\"elementor-heading-title elementor-size-default\">Ce que nous repr\u00e9sentons<\/h2>\t\t\t\t<\/div>\n\t\t\t\t<\/div>\n\t\t\t\t<div class=\"elementor-element elementor-element-99e1c57 elementor-widget elementor-widget-text-editor\" data-id=\"99e1c57\" data-element_type=\"widget\" data-widget_type=\"text-editor.default\">\n\t\t\t\t<div class=\"elementor-widget-container\">\n\t\t\t\t\t\t\t\t\t<p>Nous sommes profond\u00e9ment passionn\u00e9s par tout ce que nous faisons. Cela fait de nous un partenaire accessible, fiable et orient\u00e9 vers les solutions pour votre entreprise, s&rsquo;appuyant sur plus de 50 ans de savoir-faire dans le domaine du stationnement. En m\u00eame temps, nous sommes une \u00e9quipe cr\u00e9ative et tourn\u00e9e vers l&rsquo;avenir, d\u00e9termin\u00e9e \u00e0 faire plus qu&rsquo;un pas en avant dans le domaine du stationnement.<\/p>\n\t\t\t\t\t\t\t\t<\/div>\n\t\t\t\t<\/div>\n\t\t<div class=\"elementor-element elementor-element-72c74f7 e-flex e-con-boxed e-con e-child\" data-id=\"72c74f7\" data-element_type=\"container\">\n\t\t\t\t\t<div class=\"e-con-inner\">\n\t\t<div class=\"elementor-element elementor-element-89b254c e-flex e-con-boxed e-con e-child\" data-id=\"89b254c\" data-element_type=\"container\">\n\t\t\t\t\t<div class=\"e-con-inner\">\n\t\t<div class=\"elementor-element elementor-element-8ba994e e-con-full e-flex e-con e-child\" data-id=\"8ba994e\" data-element_type=\"container\">\n\t\t\t\t<div class=\"elementor-element elementor-element-79a828f elementor-widget elementor-widget-image\" data-id=\"79a828f\" data-element_type=\"widget\" data-widget_type=\"image.default\">\n\t\t\t\t<div class=\"elementor-widget-container\">\n\t\t\t\t\t\t\t\t\t\t\t\t\t\t\t<img decoding=\"async\" src=\"\/wp-content\/uploads\/sites\/15\/2023\/11\/Reliable_Partner_icon_navy.svg\" class=\"attachment-full size-full wp-image-5721\" alt=\"\" \/>\t\t\t\t\t\t\t\t\t\t\t\t\t\t\t<\/div>\n\t\t\t\t<\/div>\n\t\t\t\t<\/div>\n\t\t<div class=\"elementor-element elementor-element-6979993 e-con-full e-flex e-con e-child\" data-id=\"6979993\" data-element_type=\"container\">\n\t\t\t\t<div class=\"elementor-element elementor-element-d9a3139 elementor-widget elementor-widget-heading\" data-id=\"d9a3139\" data-element_type=\"widget\" data-widget_type=\"heading.default\">\n\t\t\t\t<div class=\"elementor-widget-container\">\n\t\t\t\t\t<h3 class=\"elementor-heading-title elementor-size-default\">Fiabilit\u00e9<\/h3>\t\t\t\t<\/div>\n\t\t\t\t<\/div>\n\t\t\t\t<div class=\"elementor-element elementor-element-1b5f395 elementor-widget elementor-widget-text-editor\" data-id=\"1b5f395\" data-element_type=\"widget\" data-widget_type=\"text-editor.default\">\n\t\t\t\t<div class=\"elementor-widget-container\">\n\t\t\t\t\t\t\t\t\t<p>Nous croyons aux partenariats de confiance \u00e0 long terme.<\/p>\n\t\t\t\t\t\t\t\t<\/div>\n\t\t\t\t<\/div>\n\t\t\t\t<\/div>\n\t\t\t\t\t<\/div>\n\t\t\t\t<\/div>\n\t\t<div class=\"elementor-element elementor-element-ee67425 e-flex e-con-boxed e-con e-child\" data-id=\"ee67425\" data-element_type=\"container\">\n\t\t\t\t\t<div class=\"e-con-inner\">\n\t\t<div class=\"elementor-element elementor-element-16fba1c e-con-full e-flex e-con e-child\" data-id=\"16fba1c\" data-element_type=\"container\">\n\t\t\t\t<div class=\"elementor-element elementor-element-634a773 elementor-widget elementor-widget-image\" data-id=\"634a773\" data-element_type=\"widget\" data-widget_type=\"image.default\">\n\t\t\t\t<div class=\"elementor-widget-container\">\n\t\t\t\t\t\t\t\t\t\t\t\t\t\t\t<img decoding=\"async\" src=\"\/wp-content\/uploads\/sites\/15\/2023\/11\/Innovative_Car_icon_navy.svg\" class=\"attachment-full size-full wp-image-5720\" alt=\"\" \/>\t\t\t\t\t\t\t\t\t\t\t\t\t\t\t<\/div>\n\t\t\t\t<\/div>\n\t\t\t\t<\/div>\n\t\t<div class=\"elementor-element elementor-element-5969a65 e-con-full e-flex e-con e-child\" data-id=\"5969a65\" data-element_type=\"container\">\n\t\t\t\t<div class=\"elementor-element elementor-element-1ae2c04 elementor-widget elementor-widget-heading\" data-id=\"1ae2c04\" data-element_type=\"widget\" data-widget_type=\"heading.default\">\n\t\t\t\t<div class=\"elementor-widget-container\">\n\t\t\t\t\t<h3 class=\"elementor-heading-title elementor-size-default\">L'innovation<\/h3>\t\t\t\t<\/div>\n\t\t\t\t<\/div>\n\t\t\t\t<div class=\"elementor-element elementor-element-eff36f5 elementor-widget elementor-widget-text-editor\" data-id=\"eff36f5\" data-element_type=\"widget\" data-widget_type=\"text-editor.default\">\n\t\t\t\t<div class=\"elementor-widget-container\">\n\t\t\t\t\t\t\t\t\t<p>Nous rapprochons le stationnement, la mobilit\u00e9 durable et la vie urbaine, gr\u00e2ce \u00e0 une technologie de pointe ax\u00e9e sur la commodit\u00e9.<\/p>\n\t\t\t\t\t\t\t\t<\/div>\n\t\t\t\t<\/div>\n\t\t\t\t<\/div>\n\t\t\t\t\t<\/div>\n\t\t\t\t<\/div>\n\t\t<div class=\"elementor-element elementor-element-ccd9767 e-flex e-con-boxed e-con e-child\" data-id=\"ccd9767\" data-element_type=\"container\">\n\t\t\t\t\t<div class=\"e-con-inner\">\n\t\t<div class=\"elementor-element elementor-element-05cd4e4 e-con-full e-flex e-con e-child\" data-id=\"05cd4e4\" data-element_type=\"container\">\n\t\t\t\t<div class=\"elementor-element elementor-element-5ba5fd2 elementor-widget elementor-widget-image\" data-id=\"5ba5fd2\" data-element_type=\"widget\" data-widget_type=\"image.default\">\n\t\t\t\t<div class=\"elementor-widget-container\">\n\t\t\t\t\t\t\t\t\t\t\t\t\t\t\t<img decoding=\"async\" src=\"\/wp-content\/uploads\/sites\/15\/2023\/11\/Connect_icon_navy.svg\" class=\"attachment-full size-full wp-image-5719\" alt=\"\" \/>\t\t\t\t\t\t\t\t\t\t\t\t\t\t\t<\/div>\n\t\t\t\t<\/div>\n\t\t\t\t<\/div>\n\t\t<div class=\"elementor-element elementor-element-4017563 e-con-full e-flex e-con e-child\" data-id=\"4017563\" data-element_type=\"container\">\n\t\t\t\t<div class=\"elementor-element elementor-element-fa1f53c elementor-widget elementor-widget-heading\" data-id=\"fa1f53c\" data-element_type=\"widget\" data-widget_type=\"heading.default\">\n\t\t\t\t<div class=\"elementor-widget-container\">\n\t\t\t\t\t<h3 class=\"elementor-heading-title elementor-size-default\">Connexion<\/h3>\t\t\t\t<\/div>\n\t\t\t\t<\/div>\n\t\t\t\t<div class=\"elementor-element elementor-element-f7f17c9 elementor-widget elementor-widget-text-editor\" data-id=\"f7f17c9\" data-element_type=\"widget\" data-widget_type=\"text-editor.default\">\n\t\t\t\t<div class=\"elementor-widget-container\">\n\t\t\t\t\t\t\t\t\t<p>Nous exploitons un puissant r\u00e9seau international.<\/p>\n\t\t\t\t\t\t\t\t<\/div>\n\t\t\t\t<\/div>\n\t\t\t\t<\/div>\n\t\t\t\t\t<\/div>\n\t\t\t\t<\/div>\n\t\t\t\t\t<\/div>\n\t\t\t\t<\/div>\n\t\t\t\t\t<\/div>\n\t\t\t\t<\/div>\n\t\t\t\t\t<\/div>\n\t\t\t\t<\/div>\n\t\t\t\t<\/div>\n\t\t","protected":false},"excerpt":{"rendered":"<p>Notre vision et notre mission En tant que premier fournisseur de services de mobilit\u00e9 en Europe, nous d\u00e9passons les fronti\u00e8res pour fa\u00e7onner l&rsquo;avenir du stationnement. A propos d&rsquo;APCOA Notre vision et notre mission En tant qu&rsquo;acteur majeur du march\u00e9, nous sommes fiers de la marque forte que nous avons d\u00e9velopp\u00e9e au fil des ans. Elle [&hellip;]<\/p>\n","protected":false},"author":2,"featured_media":0,"parent":16201,"menu_order":0,"comment_status":"closed","ping_status":"closed","template":"","meta":{"_acf_changed":false,"site-sidebar-layout":"no-sidebar","site-content-layout":"","ast-site-content-layout":"full-width-container","site-content-style":"default","site-sidebar-style":"default","ast-global-header-display":"","ast-banner-title-visibility":"","ast-main-header-display":"","ast-hfb-above-header-display":"","ast-hfb-below-header-display":"","ast-hfb-mobile-header-display":"","site-post-title":"disabled","ast-breadcrumbs-content":"","ast-featured-img":"disabled","footer-sml-layout":"","ast-disable-related-posts":"","theme-transparent-header-meta":"","adv-header-id-meta":"","stick-header-meta":"","header-above-stick-meta":"","header-main-stick-meta":"","header-below-stick-meta":"","astra-migrate-meta-layouts":"default","ast-page-background-enabled":"default","ast-page-background-meta":{"desktop":{"background-color":"var(--ast-global-color-4)","background-image":"","background-repeat":"repeat","background-position":"center center","background-size":"auto","background-attachment":"scroll","background-type":"","background-media":"","overlay-type":"","overlay-color":"","overlay-opacity":"","overlay-gradient":""},"tablet":{"background-color":"","background-image":"","background-repeat":"repeat","background-position":"center center","background-size":"auto","background-attachment":"scroll","background-type":"","background-media":"","overlay-type":"","overlay-color":"","overlay-opacity":"","overlay-gradient":""},"mobile":{"background-color":"","background-image":"","background-repeat":"repeat","background-position":"center center","background-size":"auto","background-attachment":"scroll","background-type":"","background-media":"","overlay-type":"","overlay-color":"","overlay-opacity":"","overlay-gradient":""}},"ast-content-background-meta":{"desktop":{"background-color":"var(--ast-global-color-5)","background-image":"","background-repeat":"repeat","background-position":"center center","background-size":"auto","background-attachment":"scroll","background-type":"","background-media":"","overlay-type":"","overlay-color":"","overlay-opacity":"","overlay-gradient":""},"tablet":{"background-color":"var(--ast-global-color-5)","background-image":"","background-repeat":"repeat","background-position":"center center","background-size":"auto","background-attachment":"scroll","background-type":"","background-media":"","overlay-type":"","overlay-color":"","overlay-opacity":"","overlay-gradient":""},"mobile":{"background-color":"var(--ast-global-color-5)","background-image":"","background-repeat":"repeat","background-position":"center center","background-size":"auto","background-attachment":"scroll","background-type":"","background-media":"","overlay-type":"","overlay-color":"","overlay-opacity":"","overlay-gradient":""}},"footnotes":""},"class_list":["post-16264","page","type-page","status-publish","hentry"],"acf":[],"_links":{"self":[{"href":"https:\/\/ch.apcoa.com\/fr\/wp-json\/wp\/v2\/pages\/16264","targetHints":{"allow":["GET"]}}],"collection":[{"href":"https:\/\/ch.apcoa.com\/fr\/wp-json\/wp\/v2\/pages"}],"about":[{"href":"https:\/\/ch.apcoa.com\/fr\/wp-json\/wp\/v2\/types\/page"}],"author":[{"embeddable":true,"href":"https:\/\/ch.apcoa.com\/fr\/wp-json\/wp\/v2\/users\/2"}],"replies":[{"embeddable":true,"href":"https:\/\/ch.apcoa.com\/fr\/wp-json\/wp\/v2\/comments?post=16264"}],"version-history":[{"count":4,"href":"https:\/\/ch.apcoa.com\/fr\/wp-json\/wp\/v2\/pages\/16264\/revisions"}],"predecessor-version":[{"id":16317,"href":"https:\/\/ch.apcoa.com\/fr\/wp-json\/wp\/v2\/pages\/16264\/revisions\/16317"}],"up":[{"embeddable":true,"href":"https:\/\/ch.apcoa.com\/fr\/wp-json\/wp\/v2\/pages\/16201"}],"wp:attachment":[{"href":"https:\/\/ch.apcoa.com\/fr\/wp-json\/wp\/v2\/media?parent=16264"}],"curies":[{"name":"wp","href":"https:\/\/api.w.org\/{rel}","templated":true}]}}