{"id":16197,"date":"2023-10-19T13:16:08","date_gmt":"2023-10-19T13:16:08","guid":{"rendered":"https:\/\/ch.apcoa.com\/secteurs\/services-de-controle-et-de-stationnement\/"},"modified":"2025-11-25T14:00:06","modified_gmt":"2025-11-25T14:00:06","slug":"services-de-controle-et-de-stationnement","status":"publish","type":"page","link":"https:\/\/ch.apcoa.com\/fr\/secteurs\/services-de-controle-et-de-stationnement\/","title":{"rendered":"Services de contr\u00f4le et de stationnement"},"content":{"rendered":"\t\t<div data-elementor-type=\"wp-page\" data-elementor-id=\"16197\" class=\"elementor elementor-16197 elementor-2199\" data-elementor-post-type=\"page\">\n\t\t\t\t<div class=\"elementor-element elementor-element-291a593 e-flex e-con-boxed e-con e-parent\" data-id=\"291a593\" data-element_type=\"container\" data-settings=\"{&quot;background_background&quot;:&quot;classic&quot;}\">\n\t\t\t\t\t<div class=\"e-con-inner\">\n\t\t<div class=\"elementor-element elementor-element-690eb11 e-flex e-con-boxed e-con e-child\" data-id=\"690eb11\" data-element_type=\"container\" data-settings=\"{&quot;background_background&quot;:&quot;gradient&quot;}\">\n\t\t\t\t\t<div class=\"e-con-inner\">\n\t\t\t\t<div class=\"elementor-element elementor-element-17063ea elementor-widget-divider--view-line elementor-widget elementor-widget-divider\" data-id=\"17063ea\" data-element_type=\"widget\" data-widget_type=\"divider.default\">\n\t\t\t\t<div class=\"elementor-widget-container\">\n\t\t\t\t\t\t\t<div class=\"elementor-divider\">\n\t\t\t<span class=\"elementor-divider-separator\">\n\t\t\t\t\t\t<\/span>\n\t\t<\/div>\n\t\t\t\t\t\t<\/div>\n\t\t\t\t<\/div>\n\t\t\t\t<div class=\"elementor-element elementor-element-987c4dc elementor-widget-mobile__width-inherit elementor-widget elementor-widget-heading\" data-id=\"987c4dc\" data-element_type=\"widget\" data-widget_type=\"heading.default\">\n\t\t\t\t<div class=\"elementor-widget-container\">\n\t\t\t\t\t<h2 class=\"elementor-heading-title elementor-size-default\">Services de contr\u00f4le et de stationnement<\/h2>\t\t\t\t<\/div>\n\t\t\t\t<\/div>\n\t\t\t\t<div class=\"elementor-element elementor-element-e58008d elementor-widget elementor-widget-heading\" data-id=\"e58008d\" data-element_type=\"widget\" data-widget_type=\"heading.default\">\n\t\t\t\t<div class=\"elementor-widget-container\">\n\t\t\t\t\t<h2 class=\"elementor-heading-title elementor-size-default\">S'assurer que tout est en place.<\/h2>\t\t\t\t<\/div>\n\t\t\t\t<\/div>\n\t\t\t\t\t<\/div>\n\t\t\t\t<\/div>\n\t\t\t\t\t<\/div>\n\t\t\t\t<\/div>\n\t\t<div class=\"elementor-element elementor-element-ccf42ca breadcrumbNav e-flex e-con-boxed e-con e-parent\" data-id=\"ccf42ca\" data-element_type=\"container\">\n\t\t\t\t\t<div class=\"e-con-inner\">\n\t\t<div class=\"elementor-element elementor-element-f34cb28 e-flex e-con-boxed e-con e-child\" data-id=\"f34cb28\" data-element_type=\"container\">\n\t\t\t\t\t<div class=\"e-con-inner\">\n\t\t\t\t<div class=\"elementor-element elementor-element-336c0a1 elementor-view-default elementor-widget elementor-widget-icon\" data-id=\"336c0a1\" data-element_type=\"widget\" data-widget_type=\"icon.default\">\n\t\t\t\t<div class=\"elementor-widget-container\">\n\t\t\t\t\t\t\t<div class=\"elementor-icon-wrapper\">\n\t\t\t<a class=\"elementor-icon\" href=\"https:\/\/ch.apcoa.com\/fr\/\">\n\t\t\t<svg xmlns=\"http:\/\/www.w3.org\/2000\/svg\" width=\"16.979\" height=\"17.177\" viewBox=\"0 0 16.979 17.177\"><g id=\"Icon_DGUV_haus\" data-name=\"Icon \/ DGUV \/ haus\" transform=\"translate(0.492 0.691)\"><path id=\"Subtraction_2\" data-name=\"Subtraction 2\" d=\"M16824.445,7603.972h-12.777v-7.335l-.232.237a.824.824,0,0,1-.57.232.8.8,0,0,1-.562-1.364l7.754-7.741,7.752,7.745a.792.792,0,0,1,.234.568.78.78,0,0,1-.234.56.8.8,0,0,1-1.131,0l-.232-.232v7.33Zm-7.99-6.385h3.2v4.789h3.193v-7.331l-4.793-4.789-4.793,4.789v7.331h3.191v-4.788Z\" transform=\"translate(-16810.057 -7587.986)\" fill=\"#001e46\" stroke=\"rgba(0,0,0,0)\" stroke-miterlimit=\"10\" stroke-width=\"1\"><\/path><\/g><\/svg>\t\t\t<\/a>\n\t\t<\/div>\n\t\t\t\t\t\t<\/div>\n\t\t\t\t<\/div>\n\t\t\t\t<div class=\"elementor-element elementor-element-b49438e elementor-view-default elementor-widget elementor-widget-icon\" data-id=\"b49438e\" data-element_type=\"widget\" data-widget_type=\"icon.default\">\n\t\t\t\t<div class=\"elementor-widget-container\">\n\t\t\t\t\t\t\t<div class=\"elementor-icon-wrapper\">\n\t\t\t<div class=\"elementor-icon\">\n\t\t\t<i aria-hidden=\"true\" class=\"fas fa-angle-right\"><\/i>\t\t\t<\/div>\n\t\t<\/div>\n\t\t\t\t\t\t<\/div>\n\t\t\t\t<\/div>\n\t\t\t\t<div class=\"elementor-element elementor-element-7cdfd5f elementor-widget elementor-widget-heading\" data-id=\"7cdfd5f\" data-element_type=\"widget\" data-widget_type=\"heading.default\">\n\t\t\t\t<div class=\"elementor-widget-container\">\n\t\t\t\t\t<span class=\"elementor-heading-title elementor-size-default\"><a href=\"http:\/\/secteurs\">Secteurs<\/a><\/span>\t\t\t\t<\/div>\n\t\t\t\t<\/div>\n\t\t\t\t<div class=\"elementor-element elementor-element-e0163e5 elementor-view-default elementor-widget elementor-widget-icon\" data-id=\"e0163e5\" data-element_type=\"widget\" data-widget_type=\"icon.default\">\n\t\t\t\t<div class=\"elementor-widget-container\">\n\t\t\t\t\t\t\t<div class=\"elementor-icon-wrapper\">\n\t\t\t<div class=\"elementor-icon\">\n\t\t\t<i aria-hidden=\"true\" class=\"fas fa-angle-right\"><\/i>\t\t\t<\/div>\n\t\t<\/div>\n\t\t\t\t\t\t<\/div>\n\t\t\t\t<\/div>\n\t\t\t\t<div class=\"elementor-element elementor-element-11c74f1 elementor-widget elementor-widget-heading\" data-id=\"11c74f1\" data-element_type=\"widget\" data-widget_type=\"heading.default\">\n\t\t\t\t<div class=\"elementor-widget-container\">\n\t\t\t\t\t<span class=\"elementor-heading-title elementor-size-default\">Services de contr\u00f4le et de stationnement<\/span>\t\t\t\t<\/div>\n\t\t\t\t<\/div>\n\t\t\t\t\t<\/div>\n\t\t\t\t<\/div>\n\t\t\t\t\t<\/div>\n\t\t\t\t<\/div>\n\t\t<div class=\"elementor-element elementor-element-1f92197 e-flex e-con-boxed e-con e-parent\" data-id=\"1f92197\" data-element_type=\"container\">\n\t\t\t\t\t<div class=\"e-con-inner\">\n\t\t<div class=\"elementor-element elementor-element-caa89cd e-flex e-con-boxed e-con e-child\" data-id=\"caa89cd\" data-element_type=\"container\">\n\t\t\t\t\t<div class=\"e-con-inner\">\n\t\t\t\t<div class=\"elementor-element elementor-element-e3038a6 elementor-widget-divider--view-line elementor-widget elementor-widget-divider\" data-id=\"e3038a6\" data-element_type=\"widget\" data-widget_type=\"divider.default\">\n\t\t\t\t<div class=\"elementor-widget-container\">\n\t\t\t\t\t\t\t<div class=\"elementor-divider\">\n\t\t\t<span class=\"elementor-divider-separator\">\n\t\t\t\t\t\t<\/span>\n\t\t<\/div>\n\t\t\t\t\t\t<\/div>\n\t\t\t\t<\/div>\n\t\t\t\t<div class=\"elementor-element elementor-element-9777237 elementor-widget elementor-widget-heading\" data-id=\"9777237\" data-element_type=\"widget\" data-widget_type=\"heading.default\">\n\t\t\t\t<div class=\"elementor-widget-container\">\n\t\t\t\t\t<h2 class=\"elementor-heading-title elementor-size-default\">Nous assurons la conformit\u00e9 avec vos r\u00e9glementations, vous vous concentrez sur votre activit\u00e9.<\/h2>\t\t\t\t<\/div>\n\t\t\t\t<\/div>\n\t\t\t\t<div class=\"elementor-element elementor-element-2d0170b elementor-widget elementor-widget-text-editor\" data-id=\"2d0170b\" data-element_type=\"widget\" data-widget_type=\"text-editor.default\">\n\t\t\t\t<div class=\"elementor-widget-container\">\n\t\t\t\t\t\t\t\t\t<p>APCOA propose la meilleure solution pour g\u00e9rer les parkings publics et priv\u00e9s. Pr\u00e9sent sur plus de 4 900 sites, notre concept stationner &#038; contr\u00f4ler   permet de faire respecter les r\u00e9glementations en mati\u00e8re de stationnement, de s&rsquo;assurer que vos parkings sont disponibles pour vos clients et donc d&rsquo;optimiser vos revenus, en coop\u00e9rant avec les autorit\u00e9s locales chaque fois que cela s&rsquo;av\u00e8re n\u00e9cessaire. Nous travaillons en \u00e9troite collaboration avec les propri\u00e9taires et les exploitants de parkings dans les centres commerciaux, les gares, les centres de loisirs et de sant\u00e9, les parcs d&rsquo;activit\u00e9s commerciales, les restaurants et les \u00e9coles. Vous aussi, vous b\u00e9n\u00e9ficierez des avantages d&rsquo;un partenariat avec nous pour r\u00e9duire votre stress li\u00e9 aux probl\u00e8mes de stationnement : Nous prenons en charge la complexit\u00e9 et am\u00e9liorons vos revenus en m\u00eame temps.<\/p>\n\t\t\t\t\t\t\t\t<\/div>\n\t\t\t\t<\/div>\n\t\t<div class=\"elementor-element elementor-element-6706ddb e-flex e-con-boxed e-con e-child\" data-id=\"6706ddb\" data-element_type=\"container\">\n\t\t\t\t\t<div class=\"e-con-inner\">\n\t\t<div class=\"elementor-element elementor-element-a5f5a7d e-con-full e-flex e-con e-child\" data-id=\"a5f5a7d\" data-element_type=\"container\">\n\t\t\t\t<div class=\"elementor-element elementor-element-df59de3 elementor-widget elementor-widget-heading\" data-id=\"df59de3\" data-element_type=\"widget\" data-widget_type=\"heading.default\">\n\t\t\t\t<div class=\"elementor-widget-container\">\n\t\t\t\t\t<h4 class=\"elementor-heading-title elementor-size-default\">Nos solutions de contr\u00f4le du stationnement en un coup d'\u0153il:<\/h4>\t\t\t\t<\/div>\n\t\t\t\t<\/div>\n\t\t\t\t<div class=\"elementor-element elementor-element-12a274d elementor-icon-list--layout-inline elementor-align-left elementor-widget__width-auto elementor-list-item-link-full_width elementor-widget elementor-widget-icon-list\" data-id=\"12a274d\" data-element_type=\"widget\" data-widget_type=\"icon-list.default\">\n\t\t\t\t<div class=\"elementor-widget-container\">\n\t\t\t\t\t\t\t<ul class=\"elementor-icon-list-items elementor-inline-items\">\n\t\t\t\t\t\t\t<li class=\"elementor-icon-list-item elementor-inline-item\">\n\t\t\t\t\t\t\t\t\t\t\t<span class=\"elementor-icon-list-icon\">\n\t\t\t\t\t\t\t<svg xmlns=\"http:\/\/www.w3.org\/2000\/svg\" width=\"22.373\" height=\"16.086\" viewBox=\"0 0 22.373 16.086\"><path id=\"Icon_feather-check\" data-name=\"Icon feather-check\" d=\"M24.131,9,11.666,21.465,6,15.8\" transform=\"translate(-3.879 -6.879)\" fill=\"none\" stroke=\"#001e46\" stroke-linecap=\"round\" stroke-linejoin=\"round\" stroke-width=\"3\"><\/path><\/svg>\t\t\t\t\t\t<\/span>\n\t\t\t\t\t\t\t\t\t\t<span class=\"elementor-icon-list-text\"> Nous am\u00e9liorons l'exp\u00e9rience de vos clients en veillant \u00e0 ce que votre parking soit disponible pour eux et ne soit pas utilis\u00e9 abusivement par d'autres.<\/span>\n\t\t\t\t\t\t\t\t\t<\/li>\n\t\t\t\t\t\t\t\t<li class=\"elementor-icon-list-item elementor-inline-item\">\n\t\t\t\t\t\t\t\t\t\t\t<span class=\"elementor-icon-list-icon\">\n\t\t\t\t\t\t\t<svg xmlns=\"http:\/\/www.w3.org\/2000\/svg\" width=\"22.373\" height=\"16.086\" viewBox=\"0 0 22.373 16.086\"><path id=\"Icon_feather-check\" data-name=\"Icon feather-check\" d=\"M24.131,9,11.666,21.465,6,15.8\" transform=\"translate(-3.879 -6.879)\" fill=\"none\" stroke=\"#001e46\" stroke-linecap=\"round\" stroke-linejoin=\"round\" stroke-width=\"3\"><\/path><\/svg>\t\t\t\t\t\t<\/span>\n\t\t\t\t\t\t\t\t\t\t<span class=\"elementor-icon-list-text\">Nous prenons en charge l'ensemble du processus de stationnement, de l'\u00e9mission des tickets \u00e0 la gestion des paiements, en passant par l'entretien et l'administration. Notre \u00e9quipe, disponible 24 heures sur 24 et 7 jours sur 7, effectue r\u00e9guli\u00e8rement des contr\u00f4les pour d\u00e9tecter les stationnements ill\u00e9gaux ou les tickets p\u00e9rim\u00e9s.<\/span>\n\t\t\t\t\t\t\t\t\t<\/li>\n\t\t\t\t\t\t\t\t<li class=\"elementor-icon-list-item elementor-inline-item\">\n\t\t\t\t\t\t\t\t\t\t\t<span class=\"elementor-icon-list-icon\">\n\t\t\t\t\t\t\t<svg xmlns=\"http:\/\/www.w3.org\/2000\/svg\" width=\"22.373\" height=\"16.086\" viewBox=\"0 0 22.373 16.086\"><path id=\"Icon_feather-check\" data-name=\"Icon feather-check\" d=\"M24.131,9,11.666,21.465,6,15.8\" transform=\"translate(-3.879 -6.879)\" fill=\"none\" stroke=\"#001e46\" stroke-linecap=\"round\" stroke-linejoin=\"round\" stroke-width=\"3\"><\/path><\/svg>\t\t\t\t\t\t<\/span>\n\t\t\t\t\t\t\t\t\t\t<span class=\"elementor-icon-list-text\">Gr\u00e2ce \u00e0 une large gamme de solutions de contr\u00f4le telles que les disques de stationnement, les tickets \"payer et afficher\", les barri\u00e8res d'entr\u00e9e et la d\u00e9tection RAPI, nous augmentons la fr\u00e9quence de stationnement et les recettes tout en r\u00e9duisant vos co\u00fbts administratifs.<\/span>\n\t\t\t\t\t\t\t\t\t<\/li>\n\t\t\t\t\t\t\t\t<li class=\"elementor-icon-list-item elementor-inline-item\">\n\t\t\t\t\t\t\t\t\t\t\t<span class=\"elementor-icon-list-icon\">\n\t\t\t\t\t\t\t<svg xmlns=\"http:\/\/www.w3.org\/2000\/svg\" width=\"22.373\" height=\"16.086\" viewBox=\"0 0 22.373 16.086\"><path id=\"Icon_feather-check\" data-name=\"Icon feather-check\" d=\"M24.131,9,11.666,21.465,6,15.8\" transform=\"translate(-3.879 -6.879)\" fill=\"none\" stroke=\"#001e46\" stroke-linecap=\"round\" stroke-linejoin=\"round\" stroke-width=\"3\"><\/path><\/svg>\t\t\t\t\t\t<\/span>\n\t\t\t\t\t\t\t\t\t\t<span class=\"elementor-icon-list-text\">Nous finan\u00e7ons, installons et g\u00e9rons les \u00e9quipements de stationnement, la surveillance et la signalisation.<\/span>\n\t\t\t\t\t\t\t\t\t<\/li>\n\t\t\t\t\t\t<\/ul>\n\t\t\t\t\t\t<\/div>\n\t\t\t\t<\/div>\n\t\t<div class=\"elementor-element elementor-element-5dabcd2 e-flex e-con-boxed e-con e-child\" data-id=\"5dabcd2\" data-element_type=\"container\">\n\t\t\t\t\t<div class=\"e-con-inner\">\n\t\t\t\t<div class=\"elementor-element elementor-element-5038783 elementor-widget elementor-widget-heading\" data-id=\"5038783\" data-element_type=\"widget\" data-widget_type=\"heading.default\">\n\t\t\t\t<div class=\"elementor-widget-container\">\n\t\t\t\t\t<h3 class=\"elementor-heading-title elementor-size-default\">Vous souhaitez plus d'informations?<\/h3>\t\t\t\t<\/div>\n\t\t\t\t<\/div>\n\t\t\t\t<div class=\"elementor-element elementor-element-7cf0189 elementor-widget elementor-widget-button\" data-id=\"7cf0189\" data-element_type=\"widget\" data-widget_type=\"button.default\">\n\t\t\t\t<div class=\"elementor-widget-container\">\n\t\t\t\t\t\t\t\t\t<div class=\"elementor-button-wrapper\">\n\t\t\t\t\t<a class=\"elementor-button elementor-button-link elementor-size-sm\" href=\"https:\/\/ch.apcoa.com\/fr\/contact\/\">\n\t\t\t\t\t\t<span class=\"elementor-button-content-wrapper\">\n\t\t\t\t\t\t\t\t\t<span class=\"elementor-button-text\">Contactez notre \u00e9quipe de vente<\/span>\n\t\t\t\t\t<\/span>\n\t\t\t\t\t<\/a>\n\t\t\t\t<\/div>\n\t\t\t\t\t\t\t\t<\/div>\n\t\t\t\t<\/div>\n\t\t\t\t\t<\/div>\n\t\t\t\t<\/div>\n\t\t\t\t<\/div>\n\t\t\t\t\t<\/div>\n\t\t\t\t<\/div>\n\t\t\t\t\t<\/div>\n\t\t\t\t<\/div>\n\t\t\t\t\t<\/div>\n\t\t\t\t<\/div>\n\t\t\t\t<\/div>\n\t\t","protected":false},"excerpt":{"rendered":"<p>Services de contr\u00f4le et de stationnement S&rsquo;assurer que tout est en place. Secteurs Services de contr\u00f4le et de stationnement Nous assurons la conformit\u00e9 avec vos r\u00e9glementations, vous vous concentrez sur votre activit\u00e9. APCOA propose la meilleure solution pour g\u00e9rer les parkings publics et priv\u00e9s. Pr\u00e9sent sur plus de 4 900 sites, notre concept stationner &#038; [&hellip;]<\/p>\n","protected":false},"author":2,"featured_media":0,"parent":16181,"menu_order":0,"comment_status":"closed","ping_status":"closed","template":"","meta":{"_acf_changed":false,"site-sidebar-layout":"no-sidebar","site-content-layout":"","ast-site-content-layout":"full-width-container","site-content-style":"default","site-sidebar-style":"default","ast-global-header-display":"","ast-banner-title-visibility":"","ast-main-header-display":"","ast-hfb-above-header-display":"","ast-hfb-below-header-display":"","ast-hfb-mobile-header-display":"","site-post-title":"disabled","ast-breadcrumbs-content":"","ast-featured-img":"disabled","footer-sml-layout":"","ast-disable-related-posts":"","theme-transparent-header-meta":"","adv-header-id-meta":"","stick-header-meta":"","header-above-stick-meta":"","header-main-stick-meta":"","header-below-stick-meta":"","astra-migrate-meta-layouts":"default","ast-page-background-enabled":"default","ast-page-background-meta":{"desktop":{"background-color":"var(--ast-global-color-4)","background-image":"","background-repeat":"repeat","background-position":"center center","background-size":"auto","background-attachment":"scroll","background-type":"","background-media":"","overlay-type":"","overlay-color":"","overlay-opacity":"","overlay-gradient":""},"tablet":{"background-color":"","background-image":"","background-repeat":"repeat","background-position":"center center","background-size":"auto","background-attachment":"scroll","background-type":"","background-media":"","overlay-type":"","overlay-color":"","overlay-opacity":"","overlay-gradient":""},"mobile":{"background-color":"","background-image":"","background-repeat":"repeat","background-position":"center center","background-size":"auto","background-attachment":"scroll","background-type":"","background-media":"","overlay-type":"","overlay-color":"","overlay-opacity":"","overlay-gradient":""}},"ast-content-background-meta":{"desktop":{"background-color":"var(--ast-global-color-5)","background-image":"","background-repeat":"repeat","background-position":"center center","background-size":"auto","background-attachment":"scroll","background-type":"","background-media":"","overlay-type":"","overlay-color":"","overlay-opacity":"","overlay-gradient":""},"tablet":{"background-color":"var(--ast-global-color-5)","background-image":"","background-repeat":"repeat","background-position":"center center","background-size":"auto","background-attachment":"scroll","background-type":"","background-media":"","overlay-type":"","overlay-color":"","overlay-opacity":"","overlay-gradient":""},"mobile":{"background-color":"var(--ast-global-color-5)","background-image":"","background-repeat":"repeat","background-position":"center center","background-size":"auto","background-attachment":"scroll","background-type":"","background-media":"","overlay-type":"","overlay-color":"","overlay-opacity":"","overlay-gradient":""}},"footnotes":""},"class_list":["post-16197","page","type-page","status-publish","hentry"],"acf":[],"_links":{"self":[{"href":"https:\/\/ch.apcoa.com\/fr\/wp-json\/wp\/v2\/pages\/16197","targetHints":{"allow":["GET"]}}],"collection":[{"href":"https:\/\/ch.apcoa.com\/fr\/wp-json\/wp\/v2\/pages"}],"about":[{"href":"https:\/\/ch.apcoa.com\/fr\/wp-json\/wp\/v2\/types\/page"}],"author":[{"embeddable":true,"href":"https:\/\/ch.apcoa.com\/fr\/wp-json\/wp\/v2\/users\/2"}],"replies":[{"embeddable":true,"href":"https:\/\/ch.apcoa.com\/fr\/wp-json\/wp\/v2\/comments?post=16197"}],"version-history":[{"count":6,"href":"https:\/\/ch.apcoa.com\/fr\/wp-json\/wp\/v2\/pages\/16197\/revisions"}],"predecessor-version":[{"id":16643,"href":"https:\/\/ch.apcoa.com\/fr\/wp-json\/wp\/v2\/pages\/16197\/revisions\/16643"}],"up":[{"embeddable":true,"href":"https:\/\/ch.apcoa.com\/fr\/wp-json\/wp\/v2\/pages\/16181"}],"wp:attachment":[{"href":"https:\/\/ch.apcoa.com\/fr\/wp-json\/wp\/v2\/media?parent=16197"}],"curies":[{"name":"wp","href":"https:\/\/api.w.org\/{rel}","templated":true}]}}