{"id":16189,"date":"2023-10-19T13:13:45","date_gmt":"2023-10-19T13:13:45","guid":{"rendered":"https:\/\/ch.apcoa.com\/secteurs\/evenements-et-hotellerie\/"},"modified":"2025-11-25T13:57:50","modified_gmt":"2025-11-25T13:57:50","slug":"evenements-et-hotellerie","status":"publish","type":"page","link":"https:\/\/ch.apcoa.com\/fr\/secteurs\/evenements-et-hotellerie\/","title":{"rendered":"Ev\u00e9nements et h\u00f4tellerie"},"content":{"rendered":"\t\t<div data-elementor-type=\"wp-page\" data-elementor-id=\"16189\" class=\"elementor elementor-16189 elementor-2189\" data-elementor-post-type=\"page\">\n\t\t\t\t<div class=\"elementor-element elementor-element-4c1ae92 e-flex e-con-boxed e-con e-parent\" data-id=\"4c1ae92\" data-element_type=\"container\" data-settings=\"{&quot;background_background&quot;:&quot;classic&quot;}\">\n\t\t\t\t\t<div class=\"e-con-inner\">\n\t\t<div class=\"elementor-element elementor-element-2f3a7fb e-flex e-con-boxed e-con e-child\" data-id=\"2f3a7fb\" data-element_type=\"container\" data-settings=\"{&quot;background_background&quot;:&quot;gradient&quot;}\">\n\t\t\t\t\t<div class=\"e-con-inner\">\n\t\t\t\t<div class=\"elementor-element elementor-element-10323ce elementor-widget-divider--view-line elementor-widget elementor-widget-divider\" data-id=\"10323ce\" data-element_type=\"widget\" data-widget_type=\"divider.default\">\n\t\t\t\t<div class=\"elementor-widget-container\">\n\t\t\t\t\t\t\t<div class=\"elementor-divider\">\n\t\t\t<span class=\"elementor-divider-separator\">\n\t\t\t\t\t\t<\/span>\n\t\t<\/div>\n\t\t\t\t\t\t<\/div>\n\t\t\t\t<\/div>\n\t\t\t\t<div class=\"elementor-element elementor-element-dbb2a3c elementor-widget-mobile__width-inherit elementor-widget elementor-widget-heading\" data-id=\"dbb2a3c\" data-element_type=\"widget\" data-widget_type=\"heading.default\">\n\t\t\t\t<div class=\"elementor-widget-container\">\n\t\t\t\t\t<h2 class=\"elementor-heading-title elementor-size-default\">Ev\u00e9nements et h\u00f4tellerie<\/h2>\t\t\t\t<\/div>\n\t\t\t\t<\/div>\n\t\t\t\t<div class=\"elementor-element elementor-element-dc06bc2 elementor-widget elementor-widget-heading\" data-id=\"dc06bc2\" data-element_type=\"widget\" data-widget_type=\"heading.default\">\n\t\t\t\t<div class=\"elementor-widget-container\">\n\t\t\t\t\t<h2 class=\"elementor-heading-title elementor-size-default\">Une exp\u00e9rience \u00e9v\u00e9nementielle sans faille.<\/h2>\t\t\t\t<\/div>\n\t\t\t\t<\/div>\n\t\t\t\t\t<\/div>\n\t\t\t\t<\/div>\n\t\t\t\t\t<\/div>\n\t\t\t\t<\/div>\n\t\t<div class=\"elementor-element elementor-element-d254658 breadcrumbNav e-flex e-con-boxed e-con e-parent\" data-id=\"d254658\" data-element_type=\"container\">\n\t\t\t\t\t<div class=\"e-con-inner\">\n\t\t<div class=\"elementor-element elementor-element-c12ed48 e-flex e-con-boxed e-con e-child\" data-id=\"c12ed48\" data-element_type=\"container\">\n\t\t\t\t\t<div class=\"e-con-inner\">\n\t\t\t\t<div class=\"elementor-element elementor-element-822cf42 elementor-view-default elementor-widget elementor-widget-icon\" data-id=\"822cf42\" data-element_type=\"widget\" data-widget_type=\"icon.default\">\n\t\t\t\t<div class=\"elementor-widget-container\">\n\t\t\t\t\t\t\t<div class=\"elementor-icon-wrapper\">\n\t\t\t<a class=\"elementor-icon\" href=\"https:\/\/ch.apcoa.com\/fr\/\">\n\t\t\t<svg xmlns=\"http:\/\/www.w3.org\/2000\/svg\" width=\"16.979\" height=\"17.177\" viewBox=\"0 0 16.979 17.177\"><g id=\"Icon_DGUV_haus\" data-name=\"Icon \/ DGUV \/ haus\" transform=\"translate(0.492 0.691)\"><path id=\"Subtraction_2\" data-name=\"Subtraction 2\" d=\"M16824.445,7603.972h-12.777v-7.335l-.232.237a.824.824,0,0,1-.57.232.8.8,0,0,1-.562-1.364l7.754-7.741,7.752,7.745a.792.792,0,0,1,.234.568.78.78,0,0,1-.234.56.8.8,0,0,1-1.131,0l-.232-.232v7.33Zm-7.99-6.385h3.2v4.789h3.193v-7.331l-4.793-4.789-4.793,4.789v7.331h3.191v-4.788Z\" transform=\"translate(-16810.057 -7587.986)\" fill=\"#001e46\" stroke=\"rgba(0,0,0,0)\" stroke-miterlimit=\"10\" stroke-width=\"1\"><\/path><\/g><\/svg>\t\t\t<\/a>\n\t\t<\/div>\n\t\t\t\t\t\t<\/div>\n\t\t\t\t<\/div>\n\t\t\t\t<div class=\"elementor-element elementor-element-f912779 elementor-view-default elementor-widget elementor-widget-icon\" data-id=\"f912779\" data-element_type=\"widget\" data-widget_type=\"icon.default\">\n\t\t\t\t<div class=\"elementor-widget-container\">\n\t\t\t\t\t\t\t<div class=\"elementor-icon-wrapper\">\n\t\t\t<div class=\"elementor-icon\">\n\t\t\t<i aria-hidden=\"true\" class=\"fas fa-angle-right\"><\/i>\t\t\t<\/div>\n\t\t<\/div>\n\t\t\t\t\t\t<\/div>\n\t\t\t\t<\/div>\n\t\t\t\t<div class=\"elementor-element elementor-element-f6bf5f1 elementor-widget elementor-widget-heading\" data-id=\"f6bf5f1\" data-element_type=\"widget\" data-widget_type=\"heading.default\">\n\t\t\t\t<div class=\"elementor-widget-container\">\n\t\t\t\t\t<span class=\"elementor-heading-title elementor-size-default\"><a href=\"http:\/\/secteurs\">Secteurs<\/a><\/span>\t\t\t\t<\/div>\n\t\t\t\t<\/div>\n\t\t\t\t<div class=\"elementor-element elementor-element-32ad7e7 elementor-view-default elementor-widget elementor-widget-icon\" data-id=\"32ad7e7\" data-element_type=\"widget\" data-widget_type=\"icon.default\">\n\t\t\t\t<div class=\"elementor-widget-container\">\n\t\t\t\t\t\t\t<div class=\"elementor-icon-wrapper\">\n\t\t\t<div class=\"elementor-icon\">\n\t\t\t<i aria-hidden=\"true\" class=\"fas fa-angle-right\"><\/i>\t\t\t<\/div>\n\t\t<\/div>\n\t\t\t\t\t\t<\/div>\n\t\t\t\t<\/div>\n\t\t\t\t<div class=\"elementor-element elementor-element-0a5c859 elementor-widget elementor-widget-heading\" data-id=\"0a5c859\" data-element_type=\"widget\" data-widget_type=\"heading.default\">\n\t\t\t\t<div class=\"elementor-widget-container\">\n\t\t\t\t\t<span class=\"elementor-heading-title elementor-size-default\">Ev\u00e9nements et h\u00f4tellerie<\/span>\t\t\t\t<\/div>\n\t\t\t\t<\/div>\n\t\t\t\t\t<\/div>\n\t\t\t\t<\/div>\n\t\t\t\t\t<\/div>\n\t\t\t\t<\/div>\n\t\t<div class=\"elementor-element elementor-element-02d8ceb e-flex e-con-boxed e-con e-parent\" data-id=\"02d8ceb\" data-element_type=\"container\">\n\t\t\t\t\t<div class=\"e-con-inner\">\n\t\t<div class=\"elementor-element elementor-element-edf62e9 e-flex e-con-boxed e-con e-child\" data-id=\"edf62e9\" data-element_type=\"container\">\n\t\t\t\t\t<div class=\"e-con-inner\">\n\t\t\t\t<div class=\"elementor-element elementor-element-2ae4b78 elementor-widget-divider--view-line elementor-widget elementor-widget-divider\" data-id=\"2ae4b78\" data-element_type=\"widget\" data-widget_type=\"divider.default\">\n\t\t\t\t<div class=\"elementor-widget-container\">\n\t\t\t\t\t\t\t<div class=\"elementor-divider\">\n\t\t\t<span class=\"elementor-divider-separator\">\n\t\t\t\t\t\t<\/span>\n\t\t<\/div>\n\t\t\t\t\t\t<\/div>\n\t\t\t\t<\/div>\n\t\t\t\t<div class=\"elementor-element elementor-element-1b3931b elementor-widget elementor-widget-heading\" data-id=\"1b3931b\" data-element_type=\"widget\" data-widget_type=\"heading.default\">\n\t\t\t\t<div class=\"elementor-widget-container\">\n\t\t\t\t\t<h2 class=\"elementor-heading-title elementor-size-default\">Les exp\u00e9riences de stationnement d'APCOA font de votre \u00e9v\u00e9nement un succ\u00e8s.<\/h2>\t\t\t\t<\/div>\n\t\t\t\t<\/div>\n\t\t\t\t<div class=\"elementor-element elementor-element-a91a253 elementor-widget__width-initial elementor-widget elementor-widget-text-editor\" data-id=\"a91a253\" data-element_type=\"widget\" data-widget_type=\"text-editor.default\">\n\t\t\t\t<div class=\"elementor-widget-container\">\n\t\t\t\t\t\t\t\t\t<p>Nous g\u00e9rons des parkings pour les \u00e9v\u00e9nements et l&rsquo;hospitalit\u00e9 dans plus de 400 sites europ\u00e9ens. Parmi ceux-ci figurent le parc des expositions de Milan, qui accueille la c\u00e9l\u00e8bre semaine de la mode milanaise, ainsi que l&rsquo;Allianz Arena, si\u00e8ge du club de football du Bayern M\u00fcnchen et plus grand parking \u00e0 \u00e9tages d&rsquo;Europe. Nous nous occupons du stationnement de certains des plus grands \u00e9v\u00e9nements dans les domaines du sport, de la culture et du commerce. C&rsquo;est pourquoi nous sommes conscients de l&rsquo;importance du stationnement pour la r\u00e9ussite de votre \u00e9v\u00e9nement ou de votre r\u00e9ception. Nos syst\u00e8mes de gestion de parkings efficaces et flexibles offrent une exp\u00e9rience fluide qui permet aux clients de repartir satisfaits.<\/p>\n\t\t\t\t\t\t\t\t<\/div>\n\t\t\t\t<\/div>\n\t\t<div class=\"elementor-element elementor-element-1e16555 e-flex e-con-boxed e-con e-child\" data-id=\"1e16555\" data-element_type=\"container\">\n\t\t\t\t\t<div class=\"e-con-inner\">\n\t\t<div class=\"elementor-element elementor-element-981b785 e-con-full e-flex e-con e-child\" data-id=\"981b785\" data-element_type=\"container\">\n\t\t<div class=\"elementor-element elementor-element-1aa8722 e-flex e-con-boxed e-con e-child\" data-id=\"1aa8722\" data-element_type=\"container\">\n\t\t\t\t\t<div class=\"e-con-inner\">\n\t\t\t\t<div class=\"elementor-element elementor-element-6e5279d elementor-widget elementor-widget-heading\" data-id=\"6e5279d\" data-element_type=\"widget\" data-widget_type=\"heading.default\">\n\t\t\t\t<div class=\"elementor-widget-container\">\n\t\t\t\t\t<h3 class=\"elementor-heading-title elementor-size-default\">Vous souhaitez plus d'informations?<\/h3>\t\t\t\t<\/div>\n\t\t\t\t<\/div>\n\t\t\t\t<div class=\"elementor-element elementor-element-2833206 elementor-widget elementor-widget-button\" data-id=\"2833206\" data-element_type=\"widget\" data-widget_type=\"button.default\">\n\t\t\t\t<div class=\"elementor-widget-container\">\n\t\t\t\t\t\t\t\t\t<div class=\"elementor-button-wrapper\">\n\t\t\t\t\t<a class=\"elementor-button elementor-button-link elementor-size-sm\" href=\"https:\/\/ch.apcoa.com\/fr\/contact\/\">\n\t\t\t\t\t\t<span class=\"elementor-button-content-wrapper\">\n\t\t\t\t\t\t\t\t\t<span class=\"elementor-button-text\">Contactez notre \u00e9quipe commerciale<\/span>\n\t\t\t\t\t<\/span>\n\t\t\t\t\t<\/a>\n\t\t\t\t<\/div>\n\t\t\t\t\t\t\t\t<\/div>\n\t\t\t\t<\/div>\n\t\t\t\t\t<\/div>\n\t\t\t\t<\/div>\n\t\t\t\t<div class=\"elementor-element elementor-element-7241871 elementor-icon-list--layout-inline elementor-align-left elementor-list-item-link-full_width elementor-widget elementor-widget-icon-list\" data-id=\"7241871\" data-element_type=\"widget\" data-widget_type=\"icon-list.default\">\n\t\t\t\t<div class=\"elementor-widget-container\">\n\t\t\t\t\t\t\t<ul class=\"elementor-icon-list-items elementor-inline-items\">\n\t\t\t\t\t\t\t<li class=\"elementor-icon-list-item elementor-inline-item\">\n\t\t\t\t\t\t\t\t\t\t\t<span class=\"elementor-icon-list-icon\">\n\t\t\t\t\t\t\t<svg xmlns=\"http:\/\/www.w3.org\/2000\/svg\" width=\"22.373\" height=\"16.086\" viewBox=\"0 0 22.373 16.086\"><path id=\"Icon_feather-check\" data-name=\"Icon feather-check\" d=\"M24.131,9,11.666,21.465,6,15.8\" transform=\"translate(-3.879 -6.879)\" fill=\"none\" stroke=\"#001e46\" stroke-linecap=\"round\" stroke-linejoin=\"round\" stroke-width=\"3\"><\/path><\/svg>\t\t\t\t\t\t<\/span>\n\t\t\t\t\t\t\t\t\t\t<span class=\"elementor-icon-list-text\">B\u00e9n\u00e9ficiez de notre vaste exp\u00e9rience et de notre savoir-faire en mati\u00e8re de commercialisation, acquis au cours de 50 ann\u00e9es de collaboration avec la plupart des grandes cha\u00eenes h\u00f4teli\u00e8res internationales.<\/span>\n\t\t\t\t\t\t\t\t\t<\/li>\n\t\t\t\t\t\t\t\t<li class=\"elementor-icon-list-item elementor-inline-item\">\n\t\t\t\t\t\t\t\t\t\t\t<span class=\"elementor-icon-list-icon\">\n\t\t\t\t\t\t\t<svg xmlns=\"http:\/\/www.w3.org\/2000\/svg\" width=\"22.373\" height=\"16.086\" viewBox=\"0 0 22.373 16.086\"><path id=\"Icon_feather-check\" data-name=\"Icon feather-check\" d=\"M24.131,9,11.666,21.465,6,15.8\" transform=\"translate(-3.879 -6.879)\" fill=\"none\" stroke=\"#001e46\" stroke-linecap=\"round\" stroke-linejoin=\"round\" stroke-width=\"3\"><\/path><\/svg>\t\t\t\t\t\t<\/span>\n\t\t\t\t\t\t\t\t\t\t<span class=\"elementor-icon-list-text\">Obtenez une solution personnalis\u00e9e pour votre \u00e9tablissement gr\u00e2ce \u00e0 notre expertise in\u00e9gal\u00e9e, notre technologie de pointe et notre connaissance approfondie du terrain.<\/span>\n\t\t\t\t\t\t\t\t\t<\/li>\n\t\t\t\t\t\t\t\t<li class=\"elementor-icon-list-item elementor-inline-item\">\n\t\t\t\t\t\t\t\t\t\t\t<span class=\"elementor-icon-list-icon\">\n\t\t\t\t\t\t\t<svg xmlns=\"http:\/\/www.w3.org\/2000\/svg\" width=\"22.373\" height=\"16.086\" viewBox=\"0 0 22.373 16.086\"><path id=\"Icon_feather-check\" data-name=\"Icon feather-check\" d=\"M24.131,9,11.666,21.465,6,15.8\" transform=\"translate(-3.879 -6.879)\" fill=\"none\" stroke=\"#001e46\" stroke-linecap=\"round\" stroke-linejoin=\"round\" stroke-width=\"3\"><\/path><\/svg>\t\t\t\t\t\t<\/span>\n\t\t\t\t\t\t\t\t\t\t<span class=\"elementor-icon-list-text\">Renforcez votre image de marque gr\u00e2ce \u00e0 des parkings efficaces, ax\u00e9s sur le client et faciles \u00e0 utiliser.<\/span>\n\t\t\t\t\t\t\t\t\t<\/li>\n\t\t\t\t\t\t\t\t<li class=\"elementor-icon-list-item elementor-inline-item\">\n\t\t\t\t\t\t\t\t\t\t\t<span class=\"elementor-icon-list-icon\">\n\t\t\t\t\t\t\t<svg xmlns=\"http:\/\/www.w3.org\/2000\/svg\" width=\"22.373\" height=\"16.086\" viewBox=\"0 0 22.373 16.086\"><path id=\"Icon_feather-check\" data-name=\"Icon feather-check\" d=\"M24.131,9,11.666,21.465,6,15.8\" transform=\"translate(-3.879 -6.879)\" fill=\"none\" stroke=\"#001e46\" stroke-linecap=\"round\" stroke-linejoin=\"round\" stroke-width=\"3\"><\/path><\/svg>\t\t\t\t\t\t<\/span>\n\t\t\t\t\t\t\t\t\t\t<span class=\"elementor-icon-list-text\">Assurez une gestion du trafic sans embouteillage, m\u00eame aux heures de pointe les plus charg\u00e9es, au d\u00e9but et \u00e0 la fin de chaque \u00e9v\u00e9nement.<\/span>\n\t\t\t\t\t\t\t\t\t<\/li>\n\t\t\t\t\t\t<\/ul>\n\t\t\t\t\t\t<\/div>\n\t\t\t\t<\/div>\n\t\t\t\t<\/div>\n\t\t\t\t\t<\/div>\n\t\t\t\t<\/div>\n\t\t\t\t\t<\/div>\n\t\t\t\t<\/div>\n\t\t\t\t\t<\/div>\n\t\t\t\t<\/div>\n\t\t<div class=\"elementor-element elementor-element-cde7540 e-flex e-con-boxed e-con e-parent\" data-id=\"cde7540\" data-element_type=\"container\" data-settings=\"{&quot;background_background&quot;:&quot;classic&quot;}\">\n\t\t\t\t\t<div class=\"e-con-inner\">\n\t\t<div class=\"elementor-element elementor-element-755bb6e e-con-full e-flex e-con e-child\" data-id=\"755bb6e\" data-element_type=\"container\">\n\t\t<div class=\"elementor-element elementor-element-29725d2 e-con-full e-flex e-con e-child\" data-id=\"29725d2\" data-element_type=\"container\">\n\t\t\t\t<div class=\"elementor-element elementor-element-dd413d0 elementor-widget elementor-widget-heading\" data-id=\"dd413d0\" data-element_type=\"widget\" data-widget_type=\"heading.default\">\n\t\t\t\t<div class=\"elementor-widget-container\">\n\t\t\t\t\t<h2 class=\"elementor-heading-title elementor-size-default\">Des parkings cinq \u00e9toiles pour que vos clients reviennent.<\/h2>\t\t\t\t<\/div>\n\t\t\t\t<\/div>\n\t\t\t\t<div class=\"elementor-element elementor-element-790aa51 elementor-widget elementor-widget-text-editor\" data-id=\"790aa51\" data-element_type=\"widget\" data-widget_type=\"text-editor.default\">\n\t\t\t\t<div class=\"elementor-widget-container\">\n\t\t\t\t\t\t\t\t\t<p>Que vous soyez un stade, un centre de divertissement, un salon professionnel, un centre de conf\u00e9rence ou un h\u00f4tel, faites-nous confiance pour offrir \u00e0 vos supporters, visiteurs et invit\u00e9s une exp\u00e9rience transparente et bien g\u00e9r\u00e9e. Nous veillons \u00e0 ce que vos clients b\u00e9n\u00e9ficient d&rsquo;un parking cinq \u00e9toiles, quelle que soit la dur\u00e9e de leur s\u00e9jour &#8211; du Marriott Varsovie au Hilton Heathrow en passant par le Taschenbergpalais Kempinski \u00e0 Dresden.<\/p>\n\t\t\t\t\t\t\t\t<\/div>\n\t\t\t\t<\/div>\n\t\t<div class=\"elementor-element elementor-element-bafb36d e-flex e-con-boxed e-con e-child\" data-id=\"bafb36d\" data-element_type=\"container\">\n\t\t\t\t\t<div class=\"e-con-inner\">\n\t\t\t\t<div class=\"elementor-element elementor-element-52fe55d elementor-widget elementor-widget-heading\" data-id=\"52fe55d\" data-element_type=\"widget\" data-widget_type=\"heading.default\">\n\t\t\t\t<div class=\"elementor-widget-container\">\n\t\t\t\t\t<h3 class=\"elementor-heading-title elementor-size-default\">Vous souhaitez plus d'informations?<\/h3>\t\t\t\t<\/div>\n\t\t\t\t<\/div>\n\t\t\t\t<div class=\"elementor-element elementor-element-0d7edf6 elementor-widget elementor-widget-button\" data-id=\"0d7edf6\" data-element_type=\"widget\" data-widget_type=\"button.default\">\n\t\t\t\t<div class=\"elementor-widget-container\">\n\t\t\t\t\t\t\t\t\t<div class=\"elementor-button-wrapper\">\n\t\t\t\t\t<a class=\"elementor-button elementor-button-link elementor-size-sm\" href=\"https:\/\/ch.apcoa.com\/fr\/contact\/\">\n\t\t\t\t\t\t<span class=\"elementor-button-content-wrapper\">\n\t\t\t\t\t\t\t\t\t<span class=\"elementor-button-text\">Contactez notre \u00e9quipe de vente<\/span>\n\t\t\t\t\t<\/span>\n\t\t\t\t\t<\/a>\n\t\t\t\t<\/div>\n\t\t\t\t\t\t\t\t<\/div>\n\t\t\t\t<\/div>\n\t\t\t\t\t<\/div>\n\t\t\t\t<\/div>\n\t\t\t\t<\/div>\n\t\t<div class=\"elementor-element elementor-element-29aa1c4 e-flex e-con-boxed e-con e-child\" data-id=\"29aa1c4\" data-element_type=\"container\">\n\t\t\t\t\t<div class=\"e-con-inner\">\n\t\t\t\t<div class=\"elementor-element elementor-element-f6892d5 elementor-widget elementor-widget-image\" data-id=\"f6892d5\" data-element_type=\"widget\" data-widget_type=\"image.default\">\n\t\t\t\t<div class=\"elementor-widget-container\">\n\t\t\t\t\t\t\t\t\t\t\t\t\t\t\t<img fetchpriority=\"high\" decoding=\"async\" width=\"768\" height=\"512\" src=\"\/wp-content\/uploads\/sites\/15\/2023\/12\/Events_Berlin-Hotel-Adlon_24-768x512.jpg\" class=\"attachment-medium_large size-medium_large wp-image-7548\" alt=\"\" srcset=\"\/wp-content\/uploads\/sites\/15\/2023\/12\/Events_Berlin-Hotel-Adlon_24-768x512.jpg 768w, \/wp-content\/uploads\/sites\/15\/2023\/12\/Events_Berlin-Hotel-Adlon_24-300x200.jpg 300w, \/wp-content\/uploads\/sites\/15\/2023\/12\/Events_Berlin-Hotel-Adlon_24-1024x683.jpg 1024w, \/wp-content\/uploads\/sites\/15\/2023\/12\/Events_Berlin-Hotel-Adlon_24.jpg 1200w\" sizes=\"(max-width: 768px) 100vw, 768px\" \/>\t\t\t\t\t\t\t\t\t\t\t\t\t\t\t<\/div>\n\t\t\t\t<\/div>\n\t\t\t\t\t<\/div>\n\t\t\t\t<\/div>\n\t\t\t\t<\/div>\n\t\t\t\t\t<\/div>\n\t\t\t\t<\/div>\n\t\t\t\t<\/div>\n\t\t","protected":false},"excerpt":{"rendered":"<p>Ev\u00e9nements et h\u00f4tellerie Une exp\u00e9rience \u00e9v\u00e9nementielle sans faille. Secteurs Ev\u00e9nements et h\u00f4tellerie Les exp\u00e9riences de stationnement d&rsquo;APCOA font de votre \u00e9v\u00e9nement un succ\u00e8s. Nous g\u00e9rons des parkings pour les \u00e9v\u00e9nements et l&rsquo;hospitalit\u00e9 dans plus de 400 sites europ\u00e9ens. Parmi ceux-ci figurent le parc des expositions de Milan, qui accueille la c\u00e9l\u00e8bre semaine de la mode [&hellip;]<\/p>\n","protected":false},"author":2,"featured_media":0,"parent":16181,"menu_order":0,"comment_status":"closed","ping_status":"closed","template":"","meta":{"_acf_changed":false,"site-sidebar-layout":"no-sidebar","site-content-layout":"","ast-site-content-layout":"full-width-container","site-content-style":"default","site-sidebar-style":"default","ast-global-header-display":"","ast-banner-title-visibility":"","ast-main-header-display":"","ast-hfb-above-header-display":"","ast-hfb-below-header-display":"","ast-hfb-mobile-header-display":"","site-post-title":"disabled","ast-breadcrumbs-content":"","ast-featured-img":"disabled","footer-sml-layout":"","ast-disable-related-posts":"","theme-transparent-header-meta":"","adv-header-id-meta":"","stick-header-meta":"","header-above-stick-meta":"","header-main-stick-meta":"","header-below-stick-meta":"","astra-migrate-meta-layouts":"default","ast-page-background-enabled":"default","ast-page-background-meta":{"desktop":{"background-color":"var(--ast-global-color-4)","background-image":"","background-repeat":"repeat","background-position":"center center","background-size":"auto","background-attachment":"scroll","background-type":"","background-media":"","overlay-type":"","overlay-color":"","overlay-opacity":"","overlay-gradient":""},"tablet":{"background-color":"","background-image":"","background-repeat":"repeat","background-position":"center center","background-size":"auto","background-attachment":"scroll","background-type":"","background-media":"","overlay-type":"","overlay-color":"","overlay-opacity":"","overlay-gradient":""},"mobile":{"background-color":"","background-image":"","background-repeat":"repeat","background-position":"center center","background-size":"auto","background-attachment":"scroll","background-type":"","background-media":"","overlay-type":"","overlay-color":"","overlay-opacity":"","overlay-gradient":""}},"ast-content-background-meta":{"desktop":{"background-color":"var(--ast-global-color-5)","background-image":"","background-repeat":"repeat","background-position":"center center","background-size":"auto","background-attachment":"scroll","background-type":"","background-media":"","overlay-type":"","overlay-color":"","overlay-opacity":"","overlay-gradient":""},"tablet":{"background-color":"var(--ast-global-color-5)","background-image":"","background-repeat":"repeat","background-position":"center center","background-size":"auto","background-attachment":"scroll","background-type":"","background-media":"","overlay-type":"","overlay-color":"","overlay-opacity":"","overlay-gradient":""},"mobile":{"background-color":"var(--ast-global-color-5)","background-image":"","background-repeat":"repeat","background-position":"center center","background-size":"auto","background-attachment":"scroll","background-type":"","background-media":"","overlay-type":"","overlay-color":"","overlay-opacity":"","overlay-gradient":""}},"footnotes":""},"class_list":["post-16189","page","type-page","status-publish","hentry"],"acf":[],"_links":{"self":[{"href":"https:\/\/ch.apcoa.com\/fr\/wp-json\/wp\/v2\/pages\/16189","targetHints":{"allow":["GET"]}}],"collection":[{"href":"https:\/\/ch.apcoa.com\/fr\/wp-json\/wp\/v2\/pages"}],"about":[{"href":"https:\/\/ch.apcoa.com\/fr\/wp-json\/wp\/v2\/types\/page"}],"author":[{"embeddable":true,"href":"https:\/\/ch.apcoa.com\/fr\/wp-json\/wp\/v2\/users\/2"}],"replies":[{"embeddable":true,"href":"https:\/\/ch.apcoa.com\/fr\/wp-json\/wp\/v2\/comments?post=16189"}],"version-history":[{"count":6,"href":"https:\/\/ch.apcoa.com\/fr\/wp-json\/wp\/v2\/pages\/16189\/revisions"}],"predecessor-version":[{"id":16637,"href":"https:\/\/ch.apcoa.com\/fr\/wp-json\/wp\/v2\/pages\/16189\/revisions\/16637"}],"up":[{"embeddable":true,"href":"https:\/\/ch.apcoa.com\/fr\/wp-json\/wp\/v2\/pages\/16181"}],"wp:attachment":[{"href":"https:\/\/ch.apcoa.com\/fr\/wp-json\/wp\/v2\/media?parent=16189"}],"curies":[{"name":"wp","href":"https:\/\/api.w.org\/{rel}","templated":true}]}}