{"id":16176,"date":"2023-09-18T12:32:02","date_gmt":"2023-09-18T12:32:02","guid":{"rendered":"https:\/\/ch.apcoa.com\/lignes-daffaires\/"},"modified":"2025-01-06T10:41:38","modified_gmt":"2025-01-06T10:41:38","slug":"lignes-daffaires","status":"publish","type":"page","link":"https:\/\/ch.apcoa.com\/fr\/lignes-daffaires\/","title":{"rendered":"Business Lines"},"content":{"rendered":"\t\t<div data-elementor-type=\"wp-page\" data-elementor-id=\"16176\" class=\"elementor elementor-16176 elementor-301\" data-elementor-post-type=\"page\">\n\t\t\t\t<div class=\"elementor-element elementor-element-2e479f1 e-flex e-con-boxed e-con e-parent\" data-id=\"2e479f1\" data-element_type=\"container\" data-settings=\"{&quot;background_background&quot;:&quot;classic&quot;}\">\n\t\t\t\t\t<div class=\"e-con-inner\">\n\t\t<div class=\"elementor-element elementor-element-ab8dc39 e-flex e-con-boxed e-con e-child\" data-id=\"ab8dc39\" data-element_type=\"container\">\n\t\t\t\t\t<div class=\"e-con-inner\">\n\t\t\t\t<div class=\"elementor-element elementor-element-0a48191 elementor-widget-divider--view-line elementor-widget elementor-widget-divider\" data-id=\"0a48191\" data-element_type=\"widget\" data-widget_type=\"divider.default\">\n\t\t\t\t<div class=\"elementor-widget-container\">\n\t\t\t\t\t\t\t<div class=\"elementor-divider\">\n\t\t\t<span class=\"elementor-divider-separator\">\n\t\t\t\t\t\t<\/span>\n\t\t<\/div>\n\t\t\t\t\t\t<\/div>\n\t\t\t\t<\/div>\n\t\t\t\t<div class=\"elementor-element elementor-element-a63d6b4 elementor-widget elementor-widget-heading\" data-id=\"a63d6b4\" data-element_type=\"widget\" data-widget_type=\"heading.default\">\n\t\t\t\t<div class=\"elementor-widget-container\">\n\t\t\t\t\t<h2 class=\"elementor-heading-title elementor-size-default\">Business Lines<\/h2>\t\t\t\t<\/div>\n\t\t\t\t<\/div>\n\t\t\t\t<div class=\"elementor-element elementor-element-0ebc8cb elementor-widget elementor-widget-heading\" data-id=\"0ebc8cb\" data-element_type=\"widget\" data-widget_type=\"heading.default\">\n\t\t\t\t<div class=\"elementor-widget-container\">\n\t\t\t\t\t<h2 class=\"elementor-heading-title elementor-size-default\">La force d'APCOA r\u00e9sulte du savoir-faire et de l'excellence de nos quatre lignes d'activit\u00e9.<\/h2>\t\t\t\t<\/div>\n\t\t\t\t<\/div>\n\t\t\t\t\t<\/div>\n\t\t\t\t<\/div>\n\t\t\t\t\t<\/div>\n\t\t\t\t<\/div>\n\t\t<div class=\"elementor-element elementor-element-0db56be breadcrumbNav e-flex e-con-boxed e-con e-parent\" data-id=\"0db56be\" data-element_type=\"container\">\n\t\t\t\t\t<div class=\"e-con-inner\">\n\t\t<div class=\"elementor-element elementor-element-875d690 e-flex e-con-boxed e-con e-child\" data-id=\"875d690\" data-element_type=\"container\">\n\t\t\t\t\t<div class=\"e-con-inner\">\n\t\t\t\t<div class=\"elementor-element elementor-element-96e9710 elementor-view-default elementor-widget elementor-widget-icon\" data-id=\"96e9710\" data-element_type=\"widget\" data-widget_type=\"icon.default\">\n\t\t\t\t<div class=\"elementor-widget-container\">\n\t\t\t\t\t\t\t<div class=\"elementor-icon-wrapper\">\n\t\t\t<a class=\"elementor-icon\" href=\"https:\/\/ch.apcoa.com\/fr\/\">\n\t\t\t<svg xmlns=\"http:\/\/www.w3.org\/2000\/svg\" width=\"16.979\" height=\"17.177\" viewBox=\"0 0 16.979 17.177\"><g id=\"Icon_DGUV_haus\" data-name=\"Icon \/ DGUV \/ haus\" transform=\"translate(0.492 0.691)\"><path id=\"Subtraction_2\" data-name=\"Subtraction 2\" d=\"M16824.445,7603.972h-12.777v-7.335l-.232.237a.824.824,0,0,1-.57.232.8.8,0,0,1-.562-1.364l7.754-7.741,7.752,7.745a.792.792,0,0,1,.234.568.78.78,0,0,1-.234.56.8.8,0,0,1-1.131,0l-.232-.232v7.33Zm-7.99-6.385h3.2v4.789h3.193v-7.331l-4.793-4.789-4.793,4.789v7.331h3.191v-4.788Z\" transform=\"translate(-16810.057 -7587.986)\" fill=\"#001e46\" stroke=\"rgba(0,0,0,0)\" stroke-miterlimit=\"10\" stroke-width=\"1\"><\/path><\/g><\/svg>\t\t\t<\/a>\n\t\t<\/div>\n\t\t\t\t\t\t<\/div>\n\t\t\t\t<\/div>\n\t\t\t\t<div class=\"elementor-element elementor-element-9d53462 elementor-view-default elementor-widget elementor-widget-icon\" data-id=\"9d53462\" data-element_type=\"widget\" data-widget_type=\"icon.default\">\n\t\t\t\t<div class=\"elementor-widget-container\">\n\t\t\t\t\t\t\t<div class=\"elementor-icon-wrapper\">\n\t\t\t<div class=\"elementor-icon\">\n\t\t\t<i aria-hidden=\"true\" class=\"fas fa-angle-right\"><\/i>\t\t\t<\/div>\n\t\t<\/div>\n\t\t\t\t\t\t<\/div>\n\t\t\t\t<\/div>\n\t\t\t\t<div class=\"elementor-element elementor-element-86b1752 elementor-widget elementor-widget-heading\" data-id=\"86b1752\" data-element_type=\"widget\" data-widget_type=\"heading.default\">\n\t\t\t\t<div class=\"elementor-widget-container\">\n\t\t\t\t\t<span class=\"elementor-heading-title elementor-size-default\">Business Lines<\/span>\t\t\t\t<\/div>\n\t\t\t\t<\/div>\n\t\t\t\t\t<\/div>\n\t\t\t\t<\/div>\n\t\t\t\t\t<\/div>\n\t\t\t\t<\/div>\n\t\t<div class=\"elementor-element elementor-element-758441f e-flex e-con-boxed e-con e-parent\" data-id=\"758441f\" data-element_type=\"container\">\n\t\t\t\t\t<div class=\"e-con-inner\">\n\t\t<div class=\"elementor-element elementor-element-92c3117 e-flex e-con-boxed e-con e-child\" data-id=\"92c3117\" data-element_type=\"container\">\n\t\t\t\t\t<div class=\"e-con-inner\">\n\t\t\t\t<div class=\"elementor-element elementor-element-c23d950 elementor-widget elementor-widget-text-editor\" data-id=\"c23d950\" data-element_type=\"widget\" data-widget_type=\"text-editor.default\">\n\t\t\t\t<div class=\"elementor-widget-container\">\n\t\t\t\t\t\t\t\t\t<p class=\"p1\"><span class=\"s1\">Ajoutez de la valeur \u00e0 votre entreprise et \u00e0 vos clients gr\u00e2ce \u00e0 nos solutions de stationnement num\u00e9riques, flexibles et sur mesure. Nous les d\u00e9veloppons avec passion et engagement, en nous appuyant sur la longue exp\u00e9rience de notre entreprise ainsi que sur l&rsquo;expertise approfondie de nos collaborateurs. Nos services, nos produits et notre r\u00e9seau am\u00e9lioreront la commodit\u00e9, la durabilit\u00e9 et le rendement de vos installations. Dans nos quatre secteurs d&rsquo;activit\u00e9, nous identifions et exploitons en permanence un potentiel commercial innovant au-del\u00e0 du stationnement. Nous sommes d\u00e9termin\u00e9s \u00e0 \u00e9tendre l&rsquo;utilisation de vos places de parking. Et en gardant constamment les yeux riv\u00e9s sur la nouvelle mobilit\u00e9 et les villes du futur, nous pouvons d\u00e8s aujourd&rsquo;hui apporter des r\u00e9ponses aux questions de demain.<br \/><\/span><\/p>\n\t\t\t\t\t\t\t\t<\/div>\n\t\t\t\t<\/div>\n\t\t\t\t\t<\/div>\n\t\t\t\t<\/div>\n\t\t\t\t\t<\/div>\n\t\t\t\t<\/div>\n\t\t<div class=\"elementor-element elementor-element-72c8b09 e-flex e-con-boxed e-con e-parent\" data-id=\"72c8b09\" data-element_type=\"container\">\n\t\t\t\t\t<div class=\"e-con-inner\">\n\t\t<div class=\"elementor-element elementor-element-b8be9b8 e-grid e-con-boxed e-con e-child\" data-id=\"b8be9b8\" data-element_type=\"container\">\n\t\t\t\t\t<div class=\"e-con-inner\">\n\t\t<div class=\"elementor-element elementor-element-d3fec3a e-flex e-con-boxed e-con e-child\" data-id=\"d3fec3a\" data-element_type=\"container\">\n\t\t\t\t\t<div class=\"e-con-inner\">\n\t\t\t\t<div class=\"elementor-element elementor-element-d993a75 elementor-widget elementor-widget-image\" data-id=\"d993a75\" data-element_type=\"widget\" data-widget_type=\"image.default\">\n\t\t\t\t<div class=\"elementor-widget-container\">\n\t\t\t\t\t\t\t\t\t\t\t\t\t\t\t<img fetchpriority=\"high\" decoding=\"async\" width=\"600\" height=\"400\" src=\"\/wp-content\/uploads\/sites\/15\/2023\/09\/parking-teaser.jpg\" class=\"attachment-full size-full wp-image-780\" alt=\"\" srcset=\"\/wp-content\/uploads\/sites\/15\/2023\/09\/parking-teaser.jpg 600w, \/wp-content\/uploads\/sites\/15\/2023\/09\/parking-teaser-300x200.jpg 300w\" sizes=\"(max-width: 600px) 100vw, 600px\" \/>\t\t\t\t\t\t\t\t\t\t\t\t\t\t\t<\/div>\n\t\t\t\t<\/div>\n\t\t<div class=\"elementor-element elementor-element-ae52bb5 e-flex e-con-boxed e-con e-child\" data-id=\"ae52bb5\" data-element_type=\"container\">\n\t\t\t\t\t<div class=\"e-con-inner\">\n\t\t\t\t<div class=\"elementor-element elementor-element-a37990c elementor-widget-divider--view-line elementor-widget elementor-widget-divider\" data-id=\"a37990c\" data-element_type=\"widget\" data-widget_type=\"divider.default\">\n\t\t\t\t<div class=\"elementor-widget-container\">\n\t\t\t\t\t\t\t<div class=\"elementor-divider\">\n\t\t\t<span class=\"elementor-divider-separator\">\n\t\t\t\t\t\t<\/span>\n\t\t<\/div>\n\t\t\t\t\t\t<\/div>\n\t\t\t\t<\/div>\n\t\t\t\t<div class=\"elementor-element elementor-element-ec47c62 elementor-widget elementor-widget-heading\" data-id=\"ec47c62\" data-element_type=\"widget\" data-widget_type=\"heading.default\">\n\t\t\t\t<div class=\"elementor-widget-container\">\n\t\t\t\t\t<h2 class=\"elementor-heading-title elementor-size-default\">Parking<\/h2>\t\t\t\t<\/div>\n\t\t\t\t<\/div>\n\t\t\t\t<div class=\"elementor-element elementor-element-6e5f99f elementor-widget elementor-widget-text-editor\" data-id=\"6e5f99f\" data-element_type=\"widget\" data-widget_type=\"text-editor.default\">\n\t\t\t\t<div class=\"elementor-widget-container\">\n\t\t\t\t\t\t\t\t\t<p>Nous augmentons la valeur de vos places de parking. Et nous veillons \u00e0 ce que vos clients b\u00e9n\u00e9ficient de la meilleure exp\u00e9rience de stationnement possible.<\/p>\n\t\t\t\t\t\t\t\t<\/div>\n\t\t\t\t<\/div>\n\t\t\t\t<div class=\"elementor-element elementor-element-c7c5634 elementor-widget elementor-widget-button\" data-id=\"c7c5634\" data-element_type=\"widget\" data-widget_type=\"button.default\">\n\t\t\t\t<div class=\"elementor-widget-container\">\n\t\t\t\t\t\t\t\t\t<div class=\"elementor-button-wrapper\">\n\t\t\t\t\t<a class=\"elementor-button elementor-button-link elementor-size-sm\" href=\"https:\/\/ch.apcoa.com\/fr\/lignes-daffaires\/parking\/\">\n\t\t\t\t\t\t<span class=\"elementor-button-content-wrapper\">\n\t\t\t\t\t\t\t\t\t<span class=\"elementor-button-text\">En savoir plus<\/span>\n\t\t\t\t\t<\/span>\n\t\t\t\t\t<\/a>\n\t\t\t\t<\/div>\n\t\t\t\t\t\t\t\t<\/div>\n\t\t\t\t<\/div>\n\t\t\t\t\t<\/div>\n\t\t\t\t<\/div>\n\t\t\t\t\t<\/div>\n\t\t\t\t<\/div>\n\t\t<div class=\"elementor-element elementor-element-672864e e-flex e-con-boxed e-con e-child\" data-id=\"672864e\" data-element_type=\"container\">\n\t\t\t\t\t<div class=\"e-con-inner\">\n\t\t\t\t<div class=\"elementor-element elementor-element-fa4ec5a elementor-widget elementor-widget-image\" data-id=\"fa4ec5a\" data-element_type=\"widget\" data-widget_type=\"image.default\">\n\t\t\t\t<div class=\"elementor-widget-container\">\n\t\t\t\t\t\t\t\t\t\t\t\t\t\t\t<img decoding=\"async\" width=\"568\" height=\"382\" src=\"\/wp-content\/uploads\/sites\/15\/2023\/09\/teaser_img_02.png\" class=\"attachment-full size-full wp-image-448\" alt=\"\" srcset=\"\/wp-content\/uploads\/sites\/15\/2023\/09\/teaser_img_02.png 568w, \/wp-content\/uploads\/sites\/15\/2023\/09\/teaser_img_02-300x202.png 300w\" sizes=\"(max-width: 568px) 100vw, 568px\" \/>\t\t\t\t\t\t\t\t\t\t\t\t\t\t\t<\/div>\n\t\t\t\t<\/div>\n\t\t<div class=\"elementor-element elementor-element-43e15e4 e-flex e-con-boxed e-con e-child\" data-id=\"43e15e4\" data-element_type=\"container\">\n\t\t\t\t\t<div class=\"e-con-inner\">\n\t\t\t\t<div class=\"elementor-element elementor-element-cbaf957 elementor-widget-divider--view-line elementor-widget elementor-widget-divider\" data-id=\"cbaf957\" data-element_type=\"widget\" data-widget_type=\"divider.default\">\n\t\t\t\t<div class=\"elementor-widget-container\">\n\t\t\t\t\t\t\t<div class=\"elementor-divider\">\n\t\t\t<span class=\"elementor-divider-separator\">\n\t\t\t\t\t\t<\/span>\n\t\t<\/div>\n\t\t\t\t\t\t<\/div>\n\t\t\t\t<\/div>\n\t\t\t\t<div class=\"elementor-element elementor-element-eb1b9eb elementor-widget elementor-widget-heading\" data-id=\"eb1b9eb\" data-element_type=\"widget\" data-widget_type=\"heading.default\">\n\t\t\t\t<div class=\"elementor-widget-container\">\n\t\t\t\t\t<h2 class=\"elementor-heading-title elementor-size-default\">Charging<\/h2>\t\t\t\t<\/div>\n\t\t\t\t<\/div>\n\t\t\t\t<div class=\"elementor-element elementor-element-cb4fcd8 elementor-widget elementor-widget-text-editor\" data-id=\"cb4fcd8\" data-element_type=\"widget\" data-widget_type=\"text-editor.default\">\n\t\t\t\t<div class=\"elementor-widget-container\">\n\t\t\t\t\t\t\t\t\t<p>Dans la mesure du possible, nous fournissons une infrastructure de recharge facile \u00e0 utiliser. Ce faisant, nous contribuons \u00e0 faire progresser l&rsquo;e-mobilit\u00e9.<\/p>\n\t\t\t\t\t\t\t\t<\/div>\n\t\t\t\t<\/div>\n\t\t\t\t<div class=\"elementor-element elementor-element-5e441fd elementor-widget elementor-widget-button\" data-id=\"5e441fd\" data-element_type=\"widget\" data-widget_type=\"button.default\">\n\t\t\t\t<div class=\"elementor-widget-container\">\n\t\t\t\t\t\t\t\t\t<div class=\"elementor-button-wrapper\">\n\t\t\t\t\t<a class=\"elementor-button elementor-button-link elementor-size-sm\" href=\"https:\/\/ch.apcoa.com\/fr\/lignes-daffaires\/charging\/\">\n\t\t\t\t\t\t<span class=\"elementor-button-content-wrapper\">\n\t\t\t\t\t\t\t\t\t<span class=\"elementor-button-text\">En savoir plus<\/span>\n\t\t\t\t\t<\/span>\n\t\t\t\t\t<\/a>\n\t\t\t\t<\/div>\n\t\t\t\t\t\t\t\t<\/div>\n\t\t\t\t<\/div>\n\t\t\t\t\t<\/div>\n\t\t\t\t<\/div>\n\t\t\t\t\t<\/div>\n\t\t\t\t<\/div>\n\t\t<div class=\"elementor-element elementor-element-b99bb8e e-flex e-con-boxed e-con e-child\" data-id=\"b99bb8e\" data-element_type=\"container\">\n\t\t\t\t\t<div class=\"e-con-inner\">\n\t\t\t\t<div class=\"elementor-element elementor-element-692053b elementor-widget elementor-widget-image\" data-id=\"692053b\" data-element_type=\"widget\" data-widget_type=\"image.default\">\n\t\t\t\t<div class=\"elementor-widget-container\">\n\t\t\t\t\t\t\t\t\t\t\t\t\t\t\t<img decoding=\"async\" width=\"1200\" height=\"800\" src=\"\/wp-content\/uploads\/sites\/15\/2023\/09\/technology-1.jpg\" class=\"attachment-full size-full wp-image-653\" alt=\"\" srcset=\"\/wp-content\/uploads\/sites\/15\/2023\/09\/technology-1.jpg 1200w, \/wp-content\/uploads\/sites\/15\/2023\/09\/technology-1-300x200.jpg 300w, \/wp-content\/uploads\/sites\/15\/2023\/09\/technology-1-1024x683.jpg 1024w, \/wp-content\/uploads\/sites\/15\/2023\/09\/technology-1-768x512.jpg 768w\" sizes=\"(max-width: 1200px) 100vw, 1200px\" \/>\t\t\t\t\t\t\t\t\t\t\t\t\t\t\t<\/div>\n\t\t\t\t<\/div>\n\t\t<div class=\"elementor-element elementor-element-54fa2b6 e-flex e-con-boxed e-con e-child\" data-id=\"54fa2b6\" data-element_type=\"container\">\n\t\t\t\t\t<div class=\"e-con-inner\">\n\t\t\t\t<div class=\"elementor-element elementor-element-cabd9fb elementor-widget-divider--view-line elementor-widget elementor-widget-divider\" data-id=\"cabd9fb\" data-element_type=\"widget\" data-widget_type=\"divider.default\">\n\t\t\t\t<div class=\"elementor-widget-container\">\n\t\t\t\t\t\t\t<div class=\"elementor-divider\">\n\t\t\t<span class=\"elementor-divider-separator\">\n\t\t\t\t\t\t<\/span>\n\t\t<\/div>\n\t\t\t\t\t\t<\/div>\n\t\t\t\t<\/div>\n\t\t\t\t<div class=\"elementor-element elementor-element-2b9f5e5 elementor-widget elementor-widget-heading\" data-id=\"2b9f5e5\" data-element_type=\"widget\" data-widget_type=\"heading.default\">\n\t\t\t\t<div class=\"elementor-widget-container\">\n\t\t\t\t\t<h2 class=\"elementor-heading-title elementor-size-default\">Technology<\/h2>\t\t\t\t<\/div>\n\t\t\t\t<\/div>\n\t\t\t\t<div class=\"elementor-element elementor-element-3fea40d elementor-widget elementor-widget-text-editor\" data-id=\"3fea40d\" data-element_type=\"widget\" data-widget_type=\"text-editor.default\">\n\t\t\t\t<div class=\"elementor-widget-container\">\n\t\t\t\t\t\t\t\t\t<p>De nos applications APCOA FLOW et APCOA Connect au service de voiturier autonome : Nous utilisons la technologie et les donn\u00e9es pour cr\u00e9er de la valeur pour vous.<\/p>\n\t\t\t\t\t\t\t\t<\/div>\n\t\t\t\t<\/div>\n\t\t\t\t<div class=\"elementor-element elementor-element-15553a0 elementor-widget elementor-widget-button\" data-id=\"15553a0\" data-element_type=\"widget\" data-widget_type=\"button.default\">\n\t\t\t\t<div class=\"elementor-widget-container\">\n\t\t\t\t\t\t\t\t\t<div class=\"elementor-button-wrapper\">\n\t\t\t\t\t<a class=\"elementor-button elementor-button-link elementor-size-sm\" href=\"https:\/\/ch.apcoa.com\/fr\/lignes-daffaires\/technology\/\">\n\t\t\t\t\t\t<span class=\"elementor-button-content-wrapper\">\n\t\t\t\t\t\t\t\t\t<span class=\"elementor-button-text\">En savoir plus<\/span>\n\t\t\t\t\t<\/span>\n\t\t\t\t\t<\/a>\n\t\t\t\t<\/div>\n\t\t\t\t\t\t\t\t<\/div>\n\t\t\t\t<\/div>\n\t\t\t\t\t<\/div>\n\t\t\t\t<\/div>\n\t\t\t\t\t<\/div>\n\t\t\t\t<\/div>\n\t\t<div class=\"elementor-element elementor-element-baae826 e-flex e-con-boxed e-con e-child\" data-id=\"baae826\" data-element_type=\"container\">\n\t\t\t\t\t<div class=\"e-con-inner\">\n\t\t\t\t<div class=\"elementor-element elementor-element-dc3cb35 elementor-widget elementor-widget-image\" data-id=\"dc3cb35\" data-element_type=\"widget\" data-widget_type=\"image.default\">\n\t\t\t\t<div class=\"elementor-widget-container\">\n\t\t\t\t\t\t\t\t\t\t\t\t\t\t\t<img loading=\"lazy\" decoding=\"async\" width=\"600\" height=\"400\" src=\"\/wp-content\/uploads\/sites\/15\/2023\/09\/urban-solutions-teaser.jpg\" class=\"attachment-full size-full wp-image-779\" alt=\"\" srcset=\"\/wp-content\/uploads\/sites\/15\/2023\/09\/urban-solutions-teaser.jpg 600w, \/wp-content\/uploads\/sites\/15\/2023\/09\/urban-solutions-teaser-300x200.jpg 300w\" sizes=\"(max-width: 600px) 100vw, 600px\" \/>\t\t\t\t\t\t\t\t\t\t\t\t\t\t\t<\/div>\n\t\t\t\t<\/div>\n\t\t<div class=\"elementor-element elementor-element-6e9ba08 e-flex e-con-boxed e-con e-child\" data-id=\"6e9ba08\" data-element_type=\"container\">\n\t\t\t\t\t<div class=\"e-con-inner\">\n\t\t\t\t<div class=\"elementor-element elementor-element-07ad5a4 elementor-widget-divider--view-line elementor-widget elementor-widget-divider\" data-id=\"07ad5a4\" data-element_type=\"widget\" data-widget_type=\"divider.default\">\n\t\t\t\t<div class=\"elementor-widget-container\">\n\t\t\t\t\t\t\t<div class=\"elementor-divider\">\n\t\t\t<span class=\"elementor-divider-separator\">\n\t\t\t\t\t\t<\/span>\n\t\t<\/div>\n\t\t\t\t\t\t<\/div>\n\t\t\t\t<\/div>\n\t\t\t\t<div class=\"elementor-element elementor-element-53caa55 elementor-widget elementor-widget-heading\" data-id=\"53caa55\" data-element_type=\"widget\" data-widget_type=\"heading.default\">\n\t\t\t\t<div class=\"elementor-widget-container\">\n\t\t\t\t\t<h2 class=\"elementor-heading-title elementor-size-default\">Urban Solutions<\/h2>\t\t\t\t<\/div>\n\t\t\t\t<\/div>\n\t\t\t\t<div class=\"elementor-element elementor-element-2aeab2e elementor-widget elementor-widget-text-editor\" data-id=\"2aeab2e\" data-element_type=\"widget\" data-widget_type=\"text-editor.default\">\n\t\t\t\t<div class=\"elementor-widget-container\">\n\t\t\t\t\t\t\t\t\t<p>En rassemblant notre portefeuille technologique et notre offre de services, nos hubs soutiennent les entreprises et les communaut\u00e9s sur la voie de la cr\u00e9ation de villes vivables. <\/p>\n\t\t\t\t\t\t\t\t<\/div>\n\t\t\t\t<\/div>\n\t\t\t\t<div class=\"elementor-element elementor-element-9659d04 elementor-widget elementor-widget-button\" data-id=\"9659d04\" data-element_type=\"widget\" data-widget_type=\"button.default\">\n\t\t\t\t<div class=\"elementor-widget-container\">\n\t\t\t\t\t\t\t\t\t<div class=\"elementor-button-wrapper\">\n\t\t\t\t\t<a class=\"elementor-button elementor-button-link elementor-size-sm\" href=\"https:\/\/ch.apcoa.com\/fr\/lignes-daffaires\/urban-solutions\/\">\n\t\t\t\t\t\t<span class=\"elementor-button-content-wrapper\">\n\t\t\t\t\t\t\t\t\t<span class=\"elementor-button-text\">En savoir plus<\/span>\n\t\t\t\t\t<\/span>\n\t\t\t\t\t<\/a>\n\t\t\t\t<\/div>\n\t\t\t\t\t\t\t\t<\/div>\n\t\t\t\t<\/div>\n\t\t\t\t\t<\/div>\n\t\t\t\t<\/div>\n\t\t\t\t\t<\/div>\n\t\t\t\t<\/div>\n\t\t\t\t\t<\/div>\n\t\t\t\t<\/div>\n\t\t\t\t\t<\/div>\n\t\t\t\t<\/div>\n\t\t\t\t<\/div>\n\t\t","protected":false},"excerpt":{"rendered":"<p>Business Lines La force d&rsquo;APCOA r\u00e9sulte du savoir-faire et de l&rsquo;excellence de nos quatre lignes d&rsquo;activit\u00e9. Business Lines Ajoutez de la valeur \u00e0 votre entreprise et \u00e0 vos clients gr\u00e2ce \u00e0 nos solutions de stationnement num\u00e9riques, flexibles et sur mesure. Nous les d\u00e9veloppons avec passion et engagement, en nous appuyant sur la longue exp\u00e9rience de [&hellip;]<\/p>\n","protected":false},"author":2,"featured_media":0,"parent":0,"menu_order":100,"comment_status":"closed","ping_status":"closed","template":"","meta":{"_acf_changed":false,"site-sidebar-layout":"no-sidebar","site-content-layout":"","ast-site-content-layout":"full-width-container","site-content-style":"default","site-sidebar-style":"default","ast-global-header-display":"","ast-banner-title-visibility":"","ast-main-header-display":"","ast-hfb-above-header-display":"","ast-hfb-below-header-display":"","ast-hfb-mobile-header-display":"","site-post-title":"disabled","ast-breadcrumbs-content":"","ast-featured-img":"disabled","footer-sml-layout":"","ast-disable-related-posts":"","theme-transparent-header-meta":"","adv-header-id-meta":"","stick-header-meta":"","header-above-stick-meta":"","header-main-stick-meta":"","header-below-stick-meta":"","astra-migrate-meta-layouts":"default","ast-page-background-enabled":"default","ast-page-background-meta":{"desktop":{"background-color":"var(--ast-global-color-4)","background-image":"","background-repeat":"repeat","background-position":"center center","background-size":"auto","background-attachment":"scroll","background-type":"","background-media":"","overlay-type":"","overlay-color":"","overlay-opacity":"","overlay-gradient":""},"tablet":{"background-color":"","background-image":"","background-repeat":"repeat","background-position":"center center","background-size":"auto","background-attachment":"scroll","background-type":"","background-media":"","overlay-type":"","overlay-color":"","overlay-opacity":"","overlay-gradient":""},"mobile":{"background-color":"","background-image":"","background-repeat":"repeat","background-position":"center center","background-size":"auto","background-attachment":"scroll","background-type":"","background-media":"","overlay-type":"","overlay-color":"","overlay-opacity":"","overlay-gradient":""}},"ast-content-background-meta":{"desktop":{"background-color":"var(--ast-global-color-5)","background-image":"","background-repeat":"repeat","background-position":"center center","background-size":"auto","background-attachment":"scroll","background-type":"","background-media":"","overlay-type":"","overlay-color":"","overlay-opacity":"","overlay-gradient":""},"tablet":{"background-color":"var(--ast-global-color-5)","background-image":"","background-repeat":"repeat","background-position":"center center","background-size":"auto","background-attachment":"scroll","background-type":"","background-media":"","overlay-type":"","overlay-color":"","overlay-opacity":"","overlay-gradient":""},"mobile":{"background-color":"var(--ast-global-color-5)","background-image":"","background-repeat":"repeat","background-position":"center center","background-size":"auto","background-attachment":"scroll","background-type":"","background-media":"","overlay-type":"","overlay-color":"","overlay-opacity":"","overlay-gradient":""}},"footnotes":""},"class_list":["post-16176","page","type-page","status-publish","hentry"],"acf":[],"_links":{"self":[{"href":"https:\/\/ch.apcoa.com\/fr\/wp-json\/wp\/v2\/pages\/16176","targetHints":{"allow":["GET"]}}],"collection":[{"href":"https:\/\/ch.apcoa.com\/fr\/wp-json\/wp\/v2\/pages"}],"about":[{"href":"https:\/\/ch.apcoa.com\/fr\/wp-json\/wp\/v2\/types\/page"}],"author":[{"embeddable":true,"href":"https:\/\/ch.apcoa.com\/fr\/wp-json\/wp\/v2\/users\/2"}],"replies":[{"embeddable":true,"href":"https:\/\/ch.apcoa.com\/fr\/wp-json\/wp\/v2\/comments?post=16176"}],"version-history":[{"count":9,"href":"https:\/\/ch.apcoa.com\/fr\/wp-json\/wp\/v2\/pages\/16176\/revisions"}],"predecessor-version":[{"id":16327,"href":"https:\/\/ch.apcoa.com\/fr\/wp-json\/wp\/v2\/pages\/16176\/revisions\/16327"}],"wp:attachment":[{"href":"https:\/\/ch.apcoa.com\/fr\/wp-json\/wp\/v2\/media?parent=16176"}],"curies":[{"name":"wp","href":"https:\/\/api.w.org\/{rel}","templated":true}]}}